{"id":1465,"date":"2025-01-17T17:27:42","date_gmt":"2025-01-17T17:27:42","guid":{"rendered":"https:\/\/leticiasanti.com\/?page_id=1465"},"modified":"2025-02-20T11:51:56","modified_gmt":"2025-02-20T11:51:56","slug":"arancha_aranzazu","status":"publish","type":"page","link":"https:\/\/leticiasanti.com\/en\/equipo\/arancha_aranzazu\/","title":{"rendered":"Arancha Aranzazu"},"content":{"rendered":"<div data-elementor-type=\"wp-page\" data-elementor-id=\"1465\" class=\"elementor elementor-1465\" data-elementor-post-type=\"page\">\n\t\t\t\t<div class=\"elementor-element elementor-element-0ea8a94 e-con-full e-flex e-con e-child\" data-id=\"0ea8a94\" data-element_type=\"container\" data-e-type=\"container\" data-settings=\"{&quot;background_background&quot;:&quot;classic&quot;}\">\n\t\t<div class=\"elementor-element elementor-element-b5c7141 e-con-full e-flex e-con e-child\" data-id=\"b5c7141\" data-element_type=\"container\" data-e-type=\"container\">\n\t\t\t\t<\/div>\n\t\t<div class=\"elementor-element elementor-element-bb30074 e-flex e-con-boxed e-con e-child\" data-id=\"bb30074\" data-element_type=\"container\" data-e-type=\"container\">\n\t\t\t\t\t<div class=\"e-con-inner\">\n\t\t\t\t<div class=\"elementor-element elementor-element-0399e75 elementor-widget elementor-widget-heading\" data-id=\"0399e75\" data-element_type=\"widget\" data-e-type=\"widget\" data-widget_type=\"heading.default\">\n\t\t\t\t<div class=\"elementor-widget-container\">\n\t\t\t\t\t<h2 class=\"elementor-heading-title elementor-size-default\">Arancha Aranzazu<\/h2>\t\t\t\t<\/div>\n\t\t\t\t<\/div>\n\t\t\t\t<div class=\"elementor-element elementor-element-5c6b47c elementor-widget elementor-widget-heading\" data-id=\"5c6b47c\" data-element_type=\"widget\" data-e-type=\"widget\" data-widget_type=\"heading.default\">\n\t\t\t\t<div class=\"elementor-widget-container\">\n\t\t\t\t\t<h2 class=\"elementor-heading-title elementor-size-default\">Psychologist<\/h2>\t\t\t\t<\/div>\n\t\t\t\t<\/div>\n\t\t\t\t<div class=\"elementor-element elementor-element-57193a1 elementor-widget elementor-widget-text-editor\" data-id=\"57193a1\" data-element_type=\"widget\" data-e-type=\"widget\" data-widget_type=\"text-editor.default\">\n\t\t\t\t<div class=\"elementor-widget-container\">\n\t\t\t\t\t\t\t\t\t<div class=\"page\" title=\"Page 3\"><div class=\"section\"><div class=\"layoutArea\"><div class=\"column\"><div class=\"page\" title=\"Page 3\"><div class=\"section\"><div class=\"layoutArea\"><div class=\"column\"><div class=\"page\" title=\"Page 4\"><div class=\"section\"><div class=\"layoutArea\"><div class=\"column\"><p>Hello, I'm Arancha! I am a Health Psychologist specialized in change processes, trauma, and grief.<\/p><p>I hold a degree in Psychology from the Distance University of Madrid (UDIMA) and a Master's degree in General Health Psychology (UDIMA). I also have a Master's degree in Child, Youth, and Family Psychology from CLEA University. I am certified as an Expert in Third-Generation Therapies (UDIMA), an Expert in Psychogeriatrics (Isabel I University), and an Expert in Psycho-oncology (Isabel I University). Additionally, I have completed specialized courses in art therapy, suicide, grief (including perinatal), trauma, bullying, adolescence, elderly care, and emergency intervention.\u00a0<\/p><p>He llevado a cabo intervenciones de terapia individual en NB Psicolog\u00eda, donde tambi\u00e9n he dirigido terapias grupales para pacientes con trastorno de estr\u00e9s postraum\u00e1tico. Tambi\u00e9n he formado parte del equipo de El Enebral, realizando evaluaciones psicol\u00f3gicas y neuropsicol\u00f3gicas as\u00ed como tratamientos de estimulaci\u00f3n cognitiva para adultos mayores.<\/p><p>Additionally, I have collaborated with the Ni\u00f1o Jes\u00fas Hospital in Madrid (providing care to oncology patients), the San Jos\u00e9 Special Education School (working with minors with functional diversity), the Emailakat Foundation, and Grandes Amigos (an organization focused on combating loneliness among the elderly).<\/p><p>I am passionate about helping people and embracing new challenges. My professional philosophy is based on a human and empathetic approach that values the individuality and complexity of each person. I am committed to continuous learning and excellence in my work, always focused on providing comprehensive and effective support. I firmly believe in the transformative power of psychology and in the importance of working with empathy, communication, and commitment to help my patients achieve a more fulfilling and balanced life.<\/p><\/div><\/div><\/div><\/div><\/div><\/div><\/div><\/div><\/div><\/div><\/div><\/div>\t\t\t\t\t\t\t\t<\/div>\n\t\t\t\t<\/div>\n\t\t\t\t\t<\/div>\n\t\t\t\t<\/div>\n\t\t<div class=\"elementor-element elementor-element-3bfc97a elementor-hidden-desktop elementor-hidden-tablet elementor-hidden-mobile e-flex e-con-boxed e-con e-child\" data-id=\"3bfc97a\" data-element_type=\"container\" data-e-type=\"container\">\n\t\t\t\t\t<div class=\"e-con-inner\">\n\t\t<div class=\"elementor-element elementor-element-f4675bf e-con-full e-flex e-con e-child\" data-id=\"f4675bf\" data-element_type=\"container\" data-e-type=\"container\" data-settings=\"{&quot;background_background&quot;:&quot;classic&quot;}\">\n\t\t\t\t<div class=\"elementor-element elementor-element-1b9c057 elementor-widget elementor-widget-image\" data-id=\"1b9c057\" data-element_type=\"widget\" data-e-type=\"widget\" data-widget_type=\"image.default\">\n\t\t\t\t<div class=\"elementor-widget-container\">\n\t\t\t\t\t\t\t\t\t\t\t\t\t\t\t<img fetchpriority=\"high\" decoding=\"async\" width=\"800\" height=\"717\" src=\"https:\/\/leticiasanti.com\/wp-content\/uploads\/2025\/01\/WhatsApp-Image-2025-01-12-at-12.56.19.jpeg\" class=\"attachment-large size-large wp-image-1416\" alt=\"\" srcset=\"https:\/\/leticiasanti.com\/wp-content\/uploads\/2025\/01\/WhatsApp-Image-2025-01-12-at-12.56.19.jpeg 1020w, https:\/\/leticiasanti.com\/wp-content\/uploads\/2025\/01\/WhatsApp-Image-2025-01-12-at-12.56.19-300x269.jpeg 300w, https:\/\/leticiasanti.com\/wp-content\/uploads\/2025\/01\/WhatsApp-Image-2025-01-12-at-12.56.19-768x688.jpeg 768w, https:\/\/leticiasanti.com\/wp-content\/uploads\/2025\/01\/WhatsApp-Image-2025-01-12-at-12.56.19-600x538.jpeg 600w\" sizes=\"(max-width: 800px) 100vw, 800px\" \/>\t\t\t\t\t\t\t\t\t\t\t\t\t\t\t<\/div>\n\t\t\t\t<\/div>\n\t\t\t\t<\/div>\n\t\t<div class=\"elementor-element elementor-element-474a139 e-con-full e-flex e-con e-child\" data-id=\"474a139\" data-element_type=\"container\" data-e-type=\"container\">\n\t\t\t\t<div class=\"elementor-element elementor-element-daa68a8 elementor-widget elementor-widget-image\" data-id=\"daa68a8\" data-element_type=\"widget\" data-e-type=\"widget\" data-widget_type=\"image.default\">\n\t\t\t\t<div class=\"elementor-widget-container\">\n\t\t\t\t\t\t\t\t\t\t\t\t\t\t\t<img decoding=\"async\" width=\"800\" height=\"466\" src=\"https:\/\/leticiasanti.com\/wp-content\/uploads\/2025\/01\/WhatsApp-Image-2025-01-12-at-12.56.19-1-1024x597.jpeg\" class=\"attachment-large size-large wp-image-1415\" alt=\"\" srcset=\"https:\/\/leticiasanti.com\/wp-content\/uploads\/2025\/01\/WhatsApp-Image-2025-01-12-at-12.56.19-1-1024x597.jpeg 1024w, https:\/\/leticiasanti.com\/wp-content\/uploads\/2025\/01\/WhatsApp-Image-2025-01-12-at-12.56.19-1-300x175.jpeg 300w, https:\/\/leticiasanti.com\/wp-content\/uploads\/2025\/01\/WhatsApp-Image-2025-01-12-at-12.56.19-1-768x448.jpeg 768w, https:\/\/leticiasanti.com\/wp-content\/uploads\/2025\/01\/WhatsApp-Image-2025-01-12-at-12.56.19-1-1536x896.jpeg 1536w, https:\/\/leticiasanti.com\/wp-content\/uploads\/2025\/01\/WhatsApp-Image-2025-01-12-at-12.56.19-1-600x350.jpeg 600w, https:\/\/leticiasanti.com\/wp-content\/uploads\/2025\/01\/WhatsApp-Image-2025-01-12-at-12.56.19-1.jpeg 1600w\" sizes=\"(max-width: 800px) 100vw, 800px\" \/>\t\t\t\t\t\t\t\t\t\t\t\t\t\t\t<\/div>\n\t\t\t\t<\/div>\n\t\t\t\t<\/div>\n\t\t\t\t\t<\/div>\n\t\t\t\t<\/div>\n\t\t\t\t<\/div>\n\t\t<div class=\"elementor-element elementor-element-4c9a9c2 e-con-full e-flex e-con e-parent\" data-id=\"4c9a9c2\" data-element_type=\"container\" data-e-type=\"container\" data-settings=\"{&quot;background_background&quot;:&quot;classic&quot;}\">\n\t\t<div class=\"elementor-element elementor-element-4dd2ee1 e-con-full e-flex e-con e-child\" data-id=\"4dd2ee1\" data-element_type=\"container\" data-e-type=\"container\" data-settings=\"{&quot;background_background&quot;:&quot;classic&quot;}\">\n\t\t\t\t<div class=\"elementor-element elementor-element-f7f233e elementor-widget elementor-widget-heading\" data-id=\"f7f233e\" data-element_type=\"widget\" data-e-type=\"widget\" data-widget_type=\"heading.default\">\n\t\t\t\t<div class=\"elementor-widget-container\">\n\t\t\t\t\t<h2 class=\"elementor-heading-title elementor-size-default\">Connect with us<\/h2>\t\t\t\t<\/div>\n\t\t\t\t<\/div>\n\t\t<div class=\"elementor-element elementor-element-7cdcacc e-con-full e-flex e-con e-child\" data-id=\"7cdcacc\" data-element_type=\"container\" data-e-type=\"container\">\n\t\t\t\t<div class=\"elementor-element elementor-element-a0b31db elementor-mobile-align-center elementor-widget elementor-widget-button\" data-id=\"a0b31db\" data-element_type=\"widget\" data-e-type=\"widget\" data-widget_type=\"button.default\">\n\t\t\t\t<div class=\"elementor-widget-container\">\n\t\t\t\t\t\t\t\t\t<div class=\"elementor-button-wrapper\">\n\t\t\t\t\t<a class=\"elementor-button elementor-button-link elementor-size-sm\" href=\"mailto:hello@leticiasanti.com\">\n\t\t\t\t\t\t<span class=\"elementor-button-content-wrapper\">\n\t\t\t\t\t\t\t\t\t<span class=\"elementor-button-text\">Contact us via email<\/span>\n\t\t\t\t\t<\/span>\n\t\t\t\t\t<\/a>\n\t\t\t\t<\/div>\n\t\t\t\t\t\t\t\t<\/div>\n\t\t\t\t<\/div>\n\t\t\t\t<div class=\"elementor-element elementor-element-0c0d76f elementor-mobile-align-center elementor-widget elementor-widget-button\" data-id=\"0c0d76f\" data-element_type=\"widget\" data-e-type=\"widget\" data-widget_type=\"button.default\">\n\t\t\t\t<div class=\"elementor-widget-container\">\n\t\t\t\t\t\t\t\t\t<div class=\"elementor-button-wrapper\">\n\t\t\t\t\t<a class=\"elementor-button elementor-button-link elementor-size-sm\" href=\"https:\/\/wa.me\/686795773?text=Hola,%20estoy%20interesado%20en%20sus%20servicios.\">\n\t\t\t\t\t\t<span class=\"elementor-button-content-wrapper\">\n\t\t\t\t\t\t\t\t\t<span class=\"elementor-button-text\">Contact us via WhatsApp<\/span>\n\t\t\t\t\t<\/span>\n\t\t\t\t\t<\/a>\n\t\t\t\t<\/div>\n\t\t\t\t\t\t\t\t<\/div>\n\t\t\t\t<\/div>\n\t\t\t\t<\/div>\n\t\t\t\t<\/div>\n\t\t\t\t<\/div>\n\t\t\t\t<\/div>","protected":false},"excerpt":{"rendered":"<p>Arancha Aranzazu Psic\u00f3loga Hola, soy Arancha! Soy Psic\u00f3loga Sanitaria especializada en procesos de cambio, trauma y duelo. Estoy graduada en Psicolog\u00eda por la Universidad a Distancia de Madrid (UDIMA) y tengo un M\u00e1ster en Psicolog\u00eda General Sanitaria (UDIMA). Tambi\u00e9n cuento con un M\u00e1ster en Psicolog\u00eda Infantil, Juvenil y Familiar (Universidad CLEA). Tengo los t\u00edtulos de [&hellip;]<\/p>\n","protected":false},"author":1,"featured_media":0,"parent":179,"menu_order":0,"comment_status":"closed","ping_status":"closed","template":"elementor_header_footer","meta":{"footnotes":""},"class_list":["post-1465","page","type-page","status-publish","hentry"],"aioseo_notices":[],"yoast_head":"<!-- This site is optimized with the Yoast SEO plugin v27.5 - https:\/\/yoast.com\/product\/yoast-seo-wordpress\/ -->\n<title>Arancha Aranzazu - Leticia Santi Psic&oacute;logos<\/title>\n<meta name=\"robots\" content=\"noindex, follow\" \/>\n<meta property=\"og:locale\" content=\"en_GB\" \/>\n<meta property=\"og:type\" content=\"article\" \/>\n<meta property=\"og:title\" content=\"Arancha Aranzazu - Leticia Santi Psic&oacute;logos\" \/>\n<meta property=\"og:description\" content=\"Arancha Aranzazu Psic\u00f3loga Hola, soy Arancha! Soy Psic\u00f3loga Sanitaria especializada en procesos de cambio, trauma y duelo. Estoy graduada en Psicolog\u00eda por la Universidad a Distancia de Madrid (UDIMA) y tengo un M\u00e1ster en Psicolog\u00eda General Sanitaria (UDIMA). Tambi\u00e9n cuento con un M\u00e1ster en Psicolog\u00eda Infantil, Juvenil y Familiar (Universidad CLEA). Tengo los t\u00edtulos de [&hellip;]\" \/>\n<meta property=\"og:url\" content=\"https:\/\/leticiasanti.com\/en\/equipo\/arancha_aranzazu\/\" \/>\n<meta property=\"og:site_name\" content=\"Leticia Santi Psic&oacute;logos\" \/>\n<meta property=\"article:modified_time\" content=\"2025-02-20T11:51:56+00:00\" \/>\n<meta property=\"og:image\" content=\"https:\/\/leticiasanti.com\/wp-content\/uploads\/2025\/01\/WhatsApp-Image-2025-01-12-at-12.56.19.jpeg\" \/>\n\t<meta property=\"og:image:width\" content=\"1020\" \/>\n\t<meta property=\"og:image:height\" content=\"914\" \/>\n\t<meta property=\"og:image:type\" content=\"image\/jpeg\" \/>\n<meta name=\"twitter:card\" content=\"summary_large_image\" \/>\n<meta name=\"twitter:label1\" content=\"Estimated reading time\" \/>\n\t<meta name=\"twitter:data1\" content=\"2 minutes\" \/>\n<script type=\"application\/ld+json\" class=\"yoast-schema-graph\">{\"@context\":\"https:\\\/\\\/schema.org\",\"@graph\":[{\"@type\":\"WebPage\",\"@id\":\"https:\\\/\\\/leticiasanti.com\\\/equipo\\\/arancha_aranzazu\\\/\",\"url\":\"https:\\\/\\\/leticiasanti.com\\\/equipo\\\/arancha_aranzazu\\\/\",\"name\":\"Arancha Aranzazu - Leticia Santi Psic&oacute;logos\",\"isPartOf\":{\"@id\":\"https:\\\/\\\/leticiasanti.com\\\/#website\"},\"primaryImageOfPage\":{\"@id\":\"https:\\\/\\\/leticiasanti.com\\\/equipo\\\/arancha_aranzazu\\\/#primaryimage\"},\"image\":{\"@id\":\"https:\\\/\\\/leticiasanti.com\\\/equipo\\\/arancha_aranzazu\\\/#primaryimage\"},\"thumbnailUrl\":\"https:\\\/\\\/leticiasanti.com\\\/wp-content\\\/uploads\\\/2025\\\/01\\\/WhatsApp-Image-2025-01-12-at-12.56.19.jpeg\",\"datePublished\":\"2025-01-17T17:27:42+00:00\",\"dateModified\":\"2025-02-20T11:51:56+00:00\",\"breadcrumb\":{\"@id\":\"https:\\\/\\\/leticiasanti.com\\\/equipo\\\/arancha_aranzazu\\\/#breadcrumb\"},\"inLanguage\":\"en-GB\",\"potentialAction\":[{\"@type\":\"ReadAction\",\"target\":[\"https:\\\/\\\/leticiasanti.com\\\/equipo\\\/arancha_aranzazu\\\/\"]}]},{\"@type\":\"ImageObject\",\"inLanguage\":\"en-GB\",\"@id\":\"https:\\\/\\\/leticiasanti.com\\\/equipo\\\/arancha_aranzazu\\\/#primaryimage\",\"url\":\"https:\\\/\\\/leticiasanti.com\\\/wp-content\\\/uploads\\\/2025\\\/01\\\/WhatsApp-Image-2025-01-12-at-12.56.19.jpeg\",\"contentUrl\":\"https:\\\/\\\/leticiasanti.com\\\/wp-content\\\/uploads\\\/2025\\\/01\\\/WhatsApp-Image-2025-01-12-at-12.56.19.jpeg\"},{\"@type\":\"BreadcrumbList\",\"@id\":\"https:\\\/\\\/leticiasanti.com\\\/equipo\\\/arancha_aranzazu\\\/#breadcrumb\",\"itemListElement\":[{\"@type\":\"ListItem\",\"position\":1,\"name\":\"Portada\",\"item\":\"https:\\\/\\\/leticiasanti.com\\\/\"},{\"@type\":\"ListItem\",\"position\":2,\"name\":\"Equipo\",\"item\":\"https:\\\/\\\/leticiasanti.com\\\/equipo\\\/\"},{\"@type\":\"ListItem\",\"position\":3,\"name\":\"Arancha Aranzazu\"}]},{\"@type\":\"WebSite\",\"@id\":\"https:\\\/\\\/leticiasanti.com\\\/#website\",\"url\":\"https:\\\/\\\/leticiasanti.com\\\/\",\"name\":\"Leticia Santi Psic&oacute;logos\",\"description\":\"\",\"potentialAction\":[{\"@type\":\"SearchAction\",\"target\":{\"@type\":\"EntryPoint\",\"urlTemplate\":\"https:\\\/\\\/leticiasanti.com\\\/?s={search_term_string}\"},\"query-input\":{\"@type\":\"PropertyValueSpecification\",\"valueRequired\":true,\"valueName\":\"search_term_string\"}}],\"inLanguage\":\"en-GB\"}]}<\/script>\n<!-- \/ Yoast SEO plugin. -->","yoast_head_json":{"title":"Arancha Aranzazu - Leticia Santi Psic&oacute;logos","robots":{"index":"noindex","follow":"follow"},"og_locale":"en_GB","og_type":"article","og_title":"Arancha Aranzazu - Leticia Santi Psic&oacute;logos","og_description":"Arancha Aranzazu Psic\u00f3loga Hola, soy Arancha! Soy Psic\u00f3loga Sanitaria especializada en procesos de cambio, trauma y duelo. Estoy graduada en Psicolog\u00eda por la Universidad a Distancia de Madrid (UDIMA) y tengo un M\u00e1ster en Psicolog\u00eda General Sanitaria (UDIMA). Tambi\u00e9n cuento con un M\u00e1ster en Psicolog\u00eda Infantil, Juvenil y Familiar (Universidad CLEA). Tengo los t\u00edtulos de [&hellip;]","og_url":"https:\/\/leticiasanti.com\/en\/equipo\/arancha_aranzazu\/","og_site_name":"Leticia Santi Psic&oacute;logos","article_modified_time":"2025-02-20T11:51:56+00:00","og_image":[{"width":1020,"height":914,"url":"https:\/\/leticiasanti.com\/wp-content\/uploads\/2025\/01\/WhatsApp-Image-2025-01-12-at-12.56.19.jpeg","type":"image\/jpeg"}],"twitter_card":"summary_large_image","twitter_misc":{"Estimated reading time":"2 minutes"},"schema":{"@context":"https:\/\/schema.org","@graph":[{"@type":"WebPage","@id":"https:\/\/leticiasanti.com\/equipo\/arancha_aranzazu\/","url":"https:\/\/leticiasanti.com\/equipo\/arancha_aranzazu\/","name":"Arancha Aranzazu - Leticia Santi Psic&oacute;logos","isPartOf":{"@id":"https:\/\/leticiasanti.com\/#website"},"primaryImageOfPage":{"@id":"https:\/\/leticiasanti.com\/equipo\/arancha_aranzazu\/#primaryimage"},"image":{"@id":"https:\/\/leticiasanti.com\/equipo\/arancha_aranzazu\/#primaryimage"},"thumbnailUrl":"https:\/\/leticiasanti.com\/wp-content\/uploads\/2025\/01\/WhatsApp-Image-2025-01-12-at-12.56.19.jpeg","datePublished":"2025-01-17T17:27:42+00:00","dateModified":"2025-02-20T11:51:56+00:00","breadcrumb":{"@id":"https:\/\/leticiasanti.com\/equipo\/arancha_aranzazu\/#breadcrumb"},"inLanguage":"en-GB","potentialAction":[{"@type":"ReadAction","target":["https:\/\/leticiasanti.com\/equipo\/arancha_aranzazu\/"]}]},{"@type":"ImageObject","inLanguage":"en-GB","@id":"https:\/\/leticiasanti.com\/equipo\/arancha_aranzazu\/#primaryimage","url":"https:\/\/leticiasanti.com\/wp-content\/uploads\/2025\/01\/WhatsApp-Image-2025-01-12-at-12.56.19.jpeg","contentUrl":"https:\/\/leticiasanti.com\/wp-content\/uploads\/2025\/01\/WhatsApp-Image-2025-01-12-at-12.56.19.jpeg"},{"@type":"BreadcrumbList","@id":"https:\/\/leticiasanti.com\/equipo\/arancha_aranzazu\/#breadcrumb","itemListElement":[{"@type":"ListItem","position":1,"name":"Portada","item":"https:\/\/leticiasanti.com\/"},{"@type":"ListItem","position":2,"name":"Equipo","item":"https:\/\/leticiasanti.com\/equipo\/"},{"@type":"ListItem","position":3,"name":"Arancha Aranzazu"}]},{"@type":"WebSite","@id":"https:\/\/leticiasanti.com\/#website","url":"https:\/\/leticiasanti.com\/","name":"Leticia Santi Psic&oacute;logos","description":"","potentialAction":[{"@type":"SearchAction","target":{"@type":"EntryPoint","urlTemplate":"https:\/\/leticiasanti.com\/?s={search_term_string}"},"query-input":{"@type":"PropertyValueSpecification","valueRequired":true,"valueName":"search_term_string"}}],"inLanguage":"en-GB"}]}},"_links":{"self":[{"href":"https:\/\/leticiasanti.com\/en\/wp-json\/wp\/v2\/pages\/1465","targetHints":{"allow":["GET"]}}],"collection":[{"href":"https:\/\/leticiasanti.com\/en\/wp-json\/wp\/v2\/pages"}],"about":[{"href":"https:\/\/leticiasanti.com\/en\/wp-json\/wp\/v2\/types\/page"}],"author":[{"embeddable":true,"href":"https:\/\/leticiasanti.com\/en\/wp-json\/wp\/v2\/users\/1"}],"replies":[{"embeddable":true,"href":"https:\/\/leticiasanti.com\/en\/wp-json\/wp\/v2\/comments?post=1465"}],"version-history":[{"count":31,"href":"https:\/\/leticiasanti.com\/en\/wp-json\/wp\/v2\/pages\/1465\/revisions"}],"predecessor-version":[{"id":1821,"href":"https:\/\/leticiasanti.com\/en\/wp-json\/wp\/v2\/pages\/1465\/revisions\/1821"}],"up":[{"embeddable":true,"href":"https:\/\/leticiasanti.com\/en\/wp-json\/wp\/v2\/pages\/179"}],"wp:attachment":[{"href":"https:\/\/leticiasanti.com\/en\/wp-json\/wp\/v2\/media?parent=1465"}],"curies":[{"name":"wp","href":"https:\/\/api.w.org\/{rel}","templated":true}]}}