{"id":179,"date":"2024-11-17T12:38:07","date_gmt":"2024-11-17T12:38:07","guid":{"rendered":"https:\/\/leticiasanti.com\/?page_id=179"},"modified":"2026-03-05T12:10:38","modified_gmt":"2026-03-05T12:10:38","slug":"equipo","status":"publish","type":"page","link":"https:\/\/leticiasanti.com\/en\/equipo\/","title":{"rendered":"Team"},"content":{"rendered":"<div data-elementor-type=\"wp-page\" data-elementor-id=\"179\" class=\"elementor elementor-179\" data-elementor-post-type=\"page\">\n\t\t\t\t<div class=\"elementor-element elementor-element-51fae00 e-flex e-con-boxed e-con e-parent\" data-id=\"51fae00\" data-element_type=\"container\" data-e-type=\"container\" data-settings=\"{&quot;background_background&quot;:&quot;classic&quot;}\">\n\t\t\t\t\t<div class=\"e-con-inner\">\n\t\t\t\t<div class=\"elementor-element elementor-element-9d6eef7 elementor-widget elementor-widget-heading\" data-id=\"9d6eef7\" data-element_type=\"widget\" data-e-type=\"widget\" data-widget_type=\"heading.default\">\n\t\t\t\t<div class=\"elementor-widget-container\">\n\t\t\t\t\t<h2 class=\"elementor-heading-title elementor-size-default\">Team<\/h2>\t\t\t\t<\/div>\n\t\t\t\t<\/div>\n\t\t\t\t\t<\/div>\n\t\t\t\t<\/div>\n\t\t<div class=\"elementor-element elementor-element-a557292 e-flex e-con-boxed e-con e-parent\" data-id=\"a557292\" data-element_type=\"container\" data-e-type=\"container\" data-settings=\"{&quot;background_background&quot;:&quot;classic&quot;}\">\n\t\t\t\t\t<div class=\"e-con-inner\">\n\t\t<div class=\"elementor-element elementor-element-7e3b5bf e-con-full e-flex e-con e-child\" data-id=\"7e3b5bf\" data-element_type=\"container\" data-e-type=\"container\" data-settings=\"{&quot;background_background&quot;:&quot;classic&quot;}\">\n\t\t\t\t<div class=\"elementor-element elementor-element-e5752c9 elementor-widget elementor-widget-image\" data-id=\"e5752c9\" data-element_type=\"widget\" data-e-type=\"widget\" data-widget_type=\"image.default\">\n\t\t\t\t<div class=\"elementor-widget-container\">\n\t\t\t\t\t\t\t\t\t\t\t\t\t\t\t\t<a href=\"https:\/\/leticiasanti.com\/en\/leticia\/\">\n\t\t\t\t\t\t\t<img fetchpriority=\"high\" decoding=\"async\" width=\"800\" height=\"800\" src=\"https:\/\/leticiasanti.com\/wp-content\/uploads\/2025\/01\/let2-1024x1024.png\" class=\"attachment-large size-large wp-image-1324\" alt=\"\" srcset=\"https:\/\/leticiasanti.com\/wp-content\/uploads\/2025\/01\/let2-1024x1024.png 1024w, https:\/\/leticiasanti.com\/wp-content\/uploads\/2025\/01\/let2-300x300.png 300w, https:\/\/leticiasanti.com\/wp-content\/uploads\/2025\/01\/let2-150x150.png 150w, https:\/\/leticiasanti.com\/wp-content\/uploads\/2025\/01\/let2-768x768.png 768w, https:\/\/leticiasanti.com\/wp-content\/uploads\/2025\/01\/let2-1536x1536.png 1536w, https:\/\/leticiasanti.com\/wp-content\/uploads\/2025\/01\/let2.png 2001w\" sizes=\"(max-width: 800px) 100vw, 800px\" \/>\t\t\t\t\t\t\t\t<\/a>\n\t\t\t\t\t\t\t\t\t\t\t\t\t\t\t<\/div>\n\t\t\t\t<\/div>\n\t\t\t\t<div class=\"elementor-element elementor-element-72fca92 elementor-widget elementor-widget-heading\" data-id=\"72fca92\" data-element_type=\"widget\" data-e-type=\"widget\" data-widget_type=\"heading.default\">\n\t\t\t\t<div class=\"elementor-widget-container\">\n\t\t\t\t\t<h2 class=\"elementor-heading-title elementor-size-default\">Leticia Santi Rodr\u00edguez<\/h2>\t\t\t\t<\/div>\n\t\t\t\t<\/div>\n\t\t\t\t<div class=\"elementor-element elementor-element-1c5f6d3 elementor-widget elementor-widget-heading\" data-id=\"1c5f6d3\" data-element_type=\"widget\" data-e-type=\"widget\" data-widget_type=\"heading.default\">\n\t\t\t\t<div class=\"elementor-widget-container\">\n\t\t\t\t\t<h2 class=\"elementor-heading-title elementor-size-default\">Communication Expert and Psychologist\n\n<\/h2>\t\t\t\t<\/div>\n\t\t\t\t<\/div>\n\t\t\t\t<div class=\"elementor-element elementor-element-501aa6c elementor-widget elementor-widget-text-editor\" data-id=\"501aa6c\" data-element_type=\"widget\" data-e-type=\"widget\" data-widget_type=\"text-editor.default\">\n\t\t\t\t<div class=\"elementor-widget-container\">\n\t\t\t\t\t\t\t\t\t<div class=\"page\" title=\"Page 3\"><div class=\"section\"><div class=\"layoutArea\"><div class=\"column\"><p>I am a licensed psychologist and communication specialist with experience in treating cases of anxiety, self-esteem, relationship issues, emotional dependency, work-related stress, and eating disorders...<\/p><\/div><\/div><\/div><\/div>\t\t\t\t\t\t\t\t<\/div>\n\t\t\t\t<\/div>\n\t\t\t\t<div class=\"elementor-element elementor-element-7022b90 elementor-mobile-align-right elementor-widget elementor-widget-button\" data-id=\"7022b90\" data-element_type=\"widget\" data-e-type=\"widget\" data-widget_type=\"button.default\">\n\t\t\t\t<div class=\"elementor-widget-container\">\n\t\t\t\t\t\t\t\t\t<div class=\"elementor-button-wrapper\">\n\t\t\t\t\t<a class=\"elementor-button elementor-button-link elementor-size-sm\" href=\"https:\/\/leticiasanti.com\/en\/leticia\/\">\n\t\t\t\t\t\t<span class=\"elementor-button-content-wrapper\">\n\t\t\t\t\t\t\t\t\t<span class=\"elementor-button-text\">Learn more<\/span>\n\t\t\t\t\t<\/span>\n\t\t\t\t\t<\/a>\n\t\t\t\t<\/div>\n\t\t\t\t\t\t\t\t<\/div>\n\t\t\t\t<\/div>\n\t\t\t\t<\/div>\n\t\t<div class=\"elementor-element elementor-element-efd9a9b e-con-full elementor-hidden-desktop elementor-hidden-tablet elementor-hidden-mobile e-flex e-con e-child\" data-id=\"efd9a9b\" data-element_type=\"container\" data-e-type=\"container\" data-settings=\"{&quot;background_background&quot;:&quot;classic&quot;}\">\n\t\t\t\t<div class=\"elementor-element elementor-element-64f7f60 elementor-widget elementor-widget-image\" data-id=\"64f7f60\" data-element_type=\"widget\" data-e-type=\"widget\" data-widget_type=\"image.default\">\n\t\t\t\t<div class=\"elementor-widget-container\">\n\t\t\t\t\t\t\t\t\t\t\t\t\t\t\t\t<a href=\"https:\/\/leticiasanti.com\/en\/beatricerusso\/\">\n\t\t\t\t\t\t\t<img decoding=\"async\" width=\"800\" height=\"800\" src=\"https:\/\/leticiasanti.com\/wp-content\/uploads\/2025\/01\/bea-1024x1024.png\" class=\"attachment-large size-large wp-image-1323\" alt=\"\" srcset=\"https:\/\/leticiasanti.com\/wp-content\/uploads\/2025\/01\/bea-1024x1024.png 1024w, https:\/\/leticiasanti.com\/wp-content\/uploads\/2025\/01\/bea-300x300.png 300w, https:\/\/leticiasanti.com\/wp-content\/uploads\/2025\/01\/bea-150x150.png 150w, https:\/\/leticiasanti.com\/wp-content\/uploads\/2025\/01\/bea-768x768.png 768w, https:\/\/leticiasanti.com\/wp-content\/uploads\/2025\/01\/bea-1536x1536.png 1536w, https:\/\/leticiasanti.com\/wp-content\/uploads\/2025\/01\/bea.png 2001w\" sizes=\"(max-width: 800px) 100vw, 800px\" \/>\t\t\t\t\t\t\t\t<\/a>\n\t\t\t\t\t\t\t\t\t\t\t\t\t\t\t<\/div>\n\t\t\t\t<\/div>\n\t\t\t\t<div class=\"elementor-element elementor-element-2819687 elementor-widget elementor-widget-heading\" data-id=\"2819687\" data-element_type=\"widget\" data-e-type=\"widget\" data-widget_type=\"heading.default\">\n\t\t\t\t<div class=\"elementor-widget-container\">\n\t\t\t\t\t<h2 class=\"elementor-heading-title elementor-size-default\">Beatrice Russo, PhD<\/h2>\t\t\t\t<\/div>\n\t\t\t\t<\/div>\n\t\t\t\t<div class=\"elementor-element elementor-element-b3ebd0c elementor-widget elementor-widget-heading\" data-id=\"b3ebd0c\" data-element_type=\"widget\" data-e-type=\"widget\" data-widget_type=\"heading.default\">\n\t\t\t\t<div class=\"elementor-widget-container\">\n\t\t\t\t\t<h2 class=\"elementor-heading-title elementor-size-default\">Business Coach\n\n<\/h2>\t\t\t\t<\/div>\n\t\t\t\t<\/div>\n\t\t\t\t<div class=\"elementor-element elementor-element-c1e2443 elementor-widget elementor-widget-text-editor\" data-id=\"c1e2443\" data-element_type=\"widget\" data-e-type=\"widget\" data-widget_type=\"text-editor.default\">\n\t\t\t\t<div class=\"elementor-widget-container\">\n\t\t\t\t\t\t\t\t\t<div class=\"page\" title=\"Page 3\"><div class=\"section\"><div class=\"layoutArea\"><div class=\"column\"><div class=\"page\" title=\"Page 4\"><div class=\"section\"><div class=\"layoutArea\"><div class=\"column\"><div class=\"page\" title=\"Page 4\"><div class=\"section\"><div class=\"layoutArea\"><div class=\"column\"><p>I am a certified Business Coach by The Coaching Academy. I hold a Law degree from Luiss Guido Carli University (Rome) and a degree in International Relations from The American University of Rome.<\/p><\/div><\/div><\/div><\/div><\/div><\/div><\/div><\/div><\/div><\/div><\/div><\/div>\t\t\t\t\t\t\t\t<\/div>\n\t\t\t\t<\/div>\n\t\t\t\t<div class=\"elementor-element elementor-element-645f198 elementor-mobile-align-right elementor-widget elementor-widget-button\" data-id=\"645f198\" data-element_type=\"widget\" data-e-type=\"widget\" data-widget_type=\"button.default\">\n\t\t\t\t<div class=\"elementor-widget-container\">\n\t\t\t\t\t\t\t\t\t<div class=\"elementor-button-wrapper\">\n\t\t\t\t\t<a class=\"elementor-button elementor-button-link elementor-size-sm\" href=\"https:\/\/leticiasanti.com\/en\/beatricerusso\/\">\n\t\t\t\t\t\t<span class=\"elementor-button-content-wrapper\">\n\t\t\t\t\t\t\t\t\t<span class=\"elementor-button-text\">Learn more<\/span>\n\t\t\t\t\t<\/span>\n\t\t\t\t\t<\/a>\n\t\t\t\t<\/div>\n\t\t\t\t\t\t\t\t<\/div>\n\t\t\t\t<\/div>\n\t\t\t\t<\/div>\n\t\t\t\t\t<\/div>\n\t\t\t\t<\/div>\n\t\t<div class=\"elementor-element elementor-element-03b3701 e-flex e-con-boxed e-con e-parent\" data-id=\"03b3701\" data-element_type=\"container\" data-e-type=\"container\" data-settings=\"{&quot;background_background&quot;:&quot;classic&quot;}\">\n\t\t\t\t\t<div class=\"e-con-inner\">\n\t\t<div class=\"elementor-element elementor-element-df32be1 e-con-full elementor-hidden-desktop elementor-hidden-tablet elementor-hidden-mobile e-flex e-con e-child\" data-id=\"df32be1\" data-element_type=\"container\" data-e-type=\"container\" data-settings=\"{&quot;background_background&quot;:&quot;classic&quot;}\">\n\t\t\t\t<div class=\"elementor-element elementor-element-a98d0ee elementor-widget elementor-widget-image\" data-id=\"a98d0ee\" data-element_type=\"widget\" data-e-type=\"widget\" data-widget_type=\"image.default\">\n\t\t\t\t<div class=\"elementor-widget-container\">\n\t\t\t\t\t\t\t\t\t\t\t\t\t\t\t\t<a href=\"https:\/\/leticiasanti.com\/en\/arancha_aranzazu\/\">\n\t\t\t\t\t\t\t<img decoding=\"async\" src=\"https:\/\/leticiasanti.com\/wp-content\/uploads\/2025\/01\/Captura-de-pantalla-2025-01-25-a-las-19.36.18-e1737831100129.png\" title=\"Captura de pantalla 2025-01-25 a las 19.36.18\" alt=\"Captura de pantalla 2025-01-25 a las 19.36.18\" loading=\"lazy\" \/>\t\t\t\t\t\t\t\t<\/a>\n\t\t\t\t\t\t\t\t\t\t\t\t\t\t\t<\/div>\n\t\t\t\t<\/div>\n\t\t\t\t<div class=\"elementor-element elementor-element-2dac90b elementor-widget elementor-widget-heading\" data-id=\"2dac90b\" data-element_type=\"widget\" data-e-type=\"widget\" data-widget_type=\"heading.default\">\n\t\t\t\t<div class=\"elementor-widget-container\">\n\t\t\t\t\t<h2 class=\"elementor-heading-title elementor-size-default\">Arancha Aranzazu<\/h2>\t\t\t\t<\/div>\n\t\t\t\t<\/div>\n\t\t\t\t<div class=\"elementor-element elementor-element-8fceaa1 elementor-widget elementor-widget-heading\" data-id=\"8fceaa1\" data-element_type=\"widget\" data-e-type=\"widget\" data-widget_type=\"heading.default\">\n\t\t\t\t<div class=\"elementor-widget-container\">\n\t\t\t\t\t<h2 class=\"elementor-heading-title elementor-size-default\">Psychologist\n\n<\/h2>\t\t\t\t<\/div>\n\t\t\t\t<\/div>\n\t\t\t\t<div class=\"elementor-element elementor-element-088c3f5 elementor-widget elementor-widget-text-editor\" data-id=\"088c3f5\" data-element_type=\"widget\" data-e-type=\"widget\" data-widget_type=\"text-editor.default\">\n\t\t\t\t<div class=\"elementor-widget-container\">\n\t\t\t\t\t\t\t\t\t<div class=\"page\" title=\"Page 3\"><div class=\"section\"><div class=\"layoutArea\"><div class=\"column\"><p>Hello, I'm Arancha! I am a Health Psychologist specialized in change processes, trauma, and grief. I have specialized training in systemic therapy, art therapy, suicide, grief (including perinatal), trauma, bullying, adolescence, elderly care, and emergency intervention ...<\/p><\/div><\/div><\/div><\/div>\t\t\t\t\t\t\t\t<\/div>\n\t\t\t\t<\/div>\n\t\t\t\t<div class=\"elementor-element elementor-element-70be0be elementor-mobile-align-right elementor-widget elementor-widget-button\" data-id=\"70be0be\" data-element_type=\"widget\" data-e-type=\"widget\" data-widget_type=\"button.default\">\n\t\t\t\t<div class=\"elementor-widget-container\">\n\t\t\t\t\t\t\t\t\t<div class=\"elementor-button-wrapper\">\n\t\t\t\t\t<a class=\"elementor-button elementor-button-link elementor-size-sm\" href=\"https:\/\/leticiasanti.com\/en\/arancha_aranzazu\/\">\n\t\t\t\t\t\t<span class=\"elementor-button-content-wrapper\">\n\t\t\t\t\t\t\t\t\t<span class=\"elementor-button-text\">Learn more<\/span>\n\t\t\t\t\t<\/span>\n\t\t\t\t\t<\/a>\n\t\t\t\t<\/div>\n\t\t\t\t\t\t\t\t<\/div>\n\t\t\t\t<\/div>\n\t\t\t\t<\/div>\n\t\t<div class=\"elementor-element elementor-element-8cbbefe e-con-full e-flex e-con e-child\" data-id=\"8cbbefe\" data-element_type=\"container\" data-e-type=\"container\" data-settings=\"{&quot;background_background&quot;:&quot;classic&quot;}\">\n\t\t\t\t<\/div>\n\t\t\t\t\t<\/div>\n\t\t\t\t<\/div>\n\t\t\t\t<\/div>","protected":false},"excerpt":{"rendered":"<p>Equipo Leticia Santi Rodr\u00edguez Experta en Comunicaci\u00f3n y Psic\u00f3loga Soy psico\u0301loga colegiada y especialista en comunicacio\u0301n, con experiencia atendiendo casos de ansiedad, autoestima, relaciones de pareja, dependencia emocional, estre\u0301s laboral y trastornos de la conducta alimentaria&#8230; Saber m\u00e1s Beatrice Russo, PhD Business Coach Soy Business Coach certificada por The Coaching Academy. Cuento con un Grado [&hellip;]<\/p>\n","protected":false},"author":1,"featured_media":0,"parent":0,"menu_order":0,"comment_status":"closed","ping_status":"closed","template":"elementor_header_footer","meta":{"footnotes":""},"class_list":["post-179","page","type-page","status-publish","hentry"],"aioseo_notices":[],"yoast_head":"<!-- This site is optimized with the Yoast SEO plugin v27.5 - https:\/\/yoast.com\/product\/yoast-seo-wordpress\/ -->\n<title>Equipo - Leticia Santi Psic&oacute;logos<\/title>\n<meta name=\"robots\" content=\"noindex, follow\" \/>\n<meta property=\"og:locale\" content=\"en_GB\" \/>\n<meta property=\"og:type\" content=\"article\" \/>\n<meta property=\"og:title\" content=\"Equipo - Leticia Santi Psic&oacute;logos\" \/>\n<meta property=\"og:description\" content=\"Equipo Leticia Santi Rodr\u00edguez Experta en Comunicaci\u00f3n y Psic\u00f3loga Soy psico\u0301loga colegiada y especialista en comunicacio\u0301n, con experiencia atendiendo casos de ansiedad, autoestima, relaciones de pareja, dependencia emocional, estre\u0301s laboral y trastornos de la conducta alimentaria&#8230; Saber m\u00e1s Beatrice Russo, PhD Business Coach Soy Business Coach certificada por The Coaching Academy. Cuento con un Grado [&hellip;]\" \/>\n<meta property=\"og:url\" content=\"https:\/\/leticiasanti.com\/en\/equipo\/\" \/>\n<meta property=\"og:site_name\" content=\"Leticia Santi Psic&oacute;logos\" \/>\n<meta property=\"article:modified_time\" content=\"2026-03-05T12:10:38+00:00\" \/>\n<meta property=\"og:image\" content=\"https:\/\/leticiasanti.com\/wp-content\/uploads\/2025\/01\/let2.png\" \/>\n\t<meta property=\"og:image:width\" content=\"2001\" \/>\n\t<meta property=\"og:image:height\" content=\"2001\" \/>\n\t<meta property=\"og:image:type\" content=\"image\/png\" \/>\n<meta name=\"twitter:card\" content=\"summary_large_image\" \/>\n<meta name=\"twitter:label1\" content=\"Estimated reading time\" \/>\n\t<meta name=\"twitter:data1\" content=\"2 minutes\" \/>\n<script type=\"application\/ld+json\" class=\"yoast-schema-graph\">{\"@context\":\"https:\\\/\\\/schema.org\",\"@graph\":[{\"@type\":\"WebPage\",\"@id\":\"https:\\\/\\\/leticiasanti.com\\\/equipo\\\/\",\"url\":\"https:\\\/\\\/leticiasanti.com\\\/equipo\\\/\",\"name\":\"Equipo - Leticia Santi Psic&oacute;logos\",\"isPartOf\":{\"@id\":\"https:\\\/\\\/leticiasanti.com\\\/#website\"},\"primaryImageOfPage\":{\"@id\":\"https:\\\/\\\/leticiasanti.com\\\/equipo\\\/#primaryimage\"},\"image\":{\"@id\":\"https:\\\/\\\/leticiasanti.com\\\/equipo\\\/#primaryimage\"},\"thumbnailUrl\":\"https:\\\/\\\/leticiasanti.com\\\/wp-content\\\/uploads\\\/2025\\\/01\\\/let2-1024x1024.png\",\"datePublished\":\"2024-11-17T12:38:07+00:00\",\"dateModified\":\"2026-03-05T12:10:38+00:00\",\"breadcrumb\":{\"@id\":\"https:\\\/\\\/leticiasanti.com\\\/equipo\\\/#breadcrumb\"},\"inLanguage\":\"en-GB\",\"potentialAction\":[{\"@type\":\"ReadAction\",\"target\":[\"https:\\\/\\\/leticiasanti.com\\\/equipo\\\/\"]}]},{\"@type\":\"ImageObject\",\"inLanguage\":\"en-GB\",\"@id\":\"https:\\\/\\\/leticiasanti.com\\\/equipo\\\/#primaryimage\",\"url\":\"https:\\\/\\\/leticiasanti.com\\\/wp-content\\\/uploads\\\/2025\\\/01\\\/let2-1024x1024.png\",\"contentUrl\":\"https:\\\/\\\/leticiasanti.com\\\/wp-content\\\/uploads\\\/2025\\\/01\\\/let2-1024x1024.png\"},{\"@type\":\"BreadcrumbList\",\"@id\":\"https:\\\/\\\/leticiasanti.com\\\/equipo\\\/#breadcrumb\",\"itemListElement\":[{\"@type\":\"ListItem\",\"position\":1,\"name\":\"Portada\",\"item\":\"https:\\\/\\\/leticiasanti.com\\\/\"},{\"@type\":\"ListItem\",\"position\":2,\"name\":\"Equipo\"}]},{\"@type\":\"WebSite\",\"@id\":\"https:\\\/\\\/leticiasanti.com\\\/#website\",\"url\":\"https:\\\/\\\/leticiasanti.com\\\/\",\"name\":\"Leticia Santi Psic&oacute;logos\",\"description\":\"\",\"potentialAction\":[{\"@type\":\"SearchAction\",\"target\":{\"@type\":\"EntryPoint\",\"urlTemplate\":\"https:\\\/\\\/leticiasanti.com\\\/?s={search_term_string}\"},\"query-input\":{\"@type\":\"PropertyValueSpecification\",\"valueRequired\":true,\"valueName\":\"search_term_string\"}}],\"inLanguage\":\"en-GB\"}]}<\/script>\n<!-- \/ Yoast SEO plugin. -->","yoast_head_json":{"title":"Equipo - Leticia Santi Psic&oacute;logos","robots":{"index":"noindex","follow":"follow"},"og_locale":"en_GB","og_type":"article","og_title":"Equipo - Leticia Santi Psic&oacute;logos","og_description":"Equipo Leticia Santi Rodr\u00edguez Experta en Comunicaci\u00f3n y Psic\u00f3loga Soy psico\u0301loga colegiada y especialista en comunicacio\u0301n, con experiencia atendiendo casos de ansiedad, autoestima, relaciones de pareja, dependencia emocional, estre\u0301s laboral y trastornos de la conducta alimentaria&#8230; Saber m\u00e1s Beatrice Russo, PhD Business Coach Soy Business Coach certificada por The Coaching Academy. Cuento con un Grado [&hellip;]","og_url":"https:\/\/leticiasanti.com\/en\/equipo\/","og_site_name":"Leticia Santi Psic&oacute;logos","article_modified_time":"2026-03-05T12:10:38+00:00","og_image":[{"width":2001,"height":2001,"url":"https:\/\/leticiasanti.com\/wp-content\/uploads\/2025\/01\/let2.png","type":"image\/png"}],"twitter_card":"summary_large_image","twitter_misc":{"Estimated reading time":"2 minutes"},"schema":{"@context":"https:\/\/schema.org","@graph":[{"@type":"WebPage","@id":"https:\/\/leticiasanti.com\/equipo\/","url":"https:\/\/leticiasanti.com\/equipo\/","name":"Equipo - Leticia Santi Psic&oacute;logos","isPartOf":{"@id":"https:\/\/leticiasanti.com\/#website"},"primaryImageOfPage":{"@id":"https:\/\/leticiasanti.com\/equipo\/#primaryimage"},"image":{"@id":"https:\/\/leticiasanti.com\/equipo\/#primaryimage"},"thumbnailUrl":"https:\/\/leticiasanti.com\/wp-content\/uploads\/2025\/01\/let2-1024x1024.png","datePublished":"2024-11-17T12:38:07+00:00","dateModified":"2026-03-05T12:10:38+00:00","breadcrumb":{"@id":"https:\/\/leticiasanti.com\/equipo\/#breadcrumb"},"inLanguage":"en-GB","potentialAction":[{"@type":"ReadAction","target":["https:\/\/leticiasanti.com\/equipo\/"]}]},{"@type":"ImageObject","inLanguage":"en-GB","@id":"https:\/\/leticiasanti.com\/equipo\/#primaryimage","url":"https:\/\/leticiasanti.com\/wp-content\/uploads\/2025\/01\/let2-1024x1024.png","contentUrl":"https:\/\/leticiasanti.com\/wp-content\/uploads\/2025\/01\/let2-1024x1024.png"},{"@type":"BreadcrumbList","@id":"https:\/\/leticiasanti.com\/equipo\/#breadcrumb","itemListElement":[{"@type":"ListItem","position":1,"name":"Portada","item":"https:\/\/leticiasanti.com\/"},{"@type":"ListItem","position":2,"name":"Equipo"}]},{"@type":"WebSite","@id":"https:\/\/leticiasanti.com\/#website","url":"https:\/\/leticiasanti.com\/","name":"Leticia Santi Psic&oacute;logos","description":"","potentialAction":[{"@type":"SearchAction","target":{"@type":"EntryPoint","urlTemplate":"https:\/\/leticiasanti.com\/?s={search_term_string}"},"query-input":{"@type":"PropertyValueSpecification","valueRequired":true,"valueName":"search_term_string"}}],"inLanguage":"en-GB"}]}},"_links":{"self":[{"href":"https:\/\/leticiasanti.com\/en\/wp-json\/wp\/v2\/pages\/179","targetHints":{"allow":["GET"]}}],"collection":[{"href":"https:\/\/leticiasanti.com\/en\/wp-json\/wp\/v2\/pages"}],"about":[{"href":"https:\/\/leticiasanti.com\/en\/wp-json\/wp\/v2\/types\/page"}],"author":[{"embeddable":true,"href":"https:\/\/leticiasanti.com\/en\/wp-json\/wp\/v2\/users\/1"}],"replies":[{"embeddable":true,"href":"https:\/\/leticiasanti.com\/en\/wp-json\/wp\/v2\/comments?post=179"}],"version-history":[{"count":133,"href":"https:\/\/leticiasanti.com\/en\/wp-json\/wp\/v2\/pages\/179\/revisions"}],"predecessor-version":[{"id":2283,"href":"https:\/\/leticiasanti.com\/en\/wp-json\/wp\/v2\/pages\/179\/revisions\/2283"}],"wp:attachment":[{"href":"https:\/\/leticiasanti.com\/en\/wp-json\/wp\/v2\/media?parent=179"}],"curies":[{"name":"wp","href":"https:\/\/api.w.org\/{rel}","templated":true}]}}