{"id":244,"date":"2024-11-26T10:09:57","date_gmt":"2024-11-26T10:09:57","guid":{"rendered":"https:\/\/leticiasanti.com\/?page_id=244"},"modified":"2026-04-01T17:24:40","modified_gmt":"2026-04-01T17:24:40","slug":"leticia","status":"publish","type":"page","link":"https:\/\/leticiasanti.com\/en\/equipo\/leticia\/","title":{"rendered":"Leticia Santi"},"content":{"rendered":"<div data-elementor-type=\"wp-page\" data-elementor-id=\"244\" class=\"elementor elementor-244\" data-elementor-post-type=\"page\">\n\t\t\t\t<div class=\"elementor-element elementor-element-27ae411 e-con-full e-flex e-con e-child\" data-id=\"27ae411\" data-element_type=\"container\" data-e-type=\"container\" data-settings=\"{&quot;background_background&quot;:&quot;classic&quot;}\">\n\t\t<div class=\"elementor-element elementor-element-b4d206a e-flex e-con-boxed e-con e-child\" data-id=\"b4d206a\" data-element_type=\"container\" data-e-type=\"container\">\n\t\t\t\t\t<div class=\"e-con-inner\">\n\t\t\t\t<div class=\"elementor-element elementor-element-eb69b85 elementor-widget elementor-widget-image\" data-id=\"eb69b85\" data-element_type=\"widget\" data-e-type=\"widget\" data-widget_type=\"image.default\">\n\t\t\t\t<div class=\"elementor-widget-container\">\n\t\t\t\t\t\t\t\t\t\t\t\t\t\t\t<img fetchpriority=\"high\" decoding=\"async\" width=\"800\" height=\"705\" src=\"https:\/\/leticiasanti.com\/wp-content\/uploads\/2026\/03\/Leticia-33-scaled-e1772555819722-1024x902.jpg\" class=\"attachment-large size-large wp-image-2216\" alt=\"\" srcset=\"https:\/\/leticiasanti.com\/wp-content\/uploads\/2026\/03\/Leticia-33-scaled-e1772555819722-1024x902.jpg 1024w, https:\/\/leticiasanti.com\/wp-content\/uploads\/2026\/03\/Leticia-33-scaled-e1772555819722-300x264.jpg 300w, https:\/\/leticiasanti.com\/wp-content\/uploads\/2026\/03\/Leticia-33-scaled-e1772555819722-768x676.jpg 768w, https:\/\/leticiasanti.com\/wp-content\/uploads\/2026\/03\/Leticia-33-scaled-e1772555819722-1536x1352.jpg 1536w, https:\/\/leticiasanti.com\/wp-content\/uploads\/2026\/03\/Leticia-33-scaled-e1772555819722-14x12.jpg 14w, https:\/\/leticiasanti.com\/wp-content\/uploads\/2026\/03\/Leticia-33-scaled-e1772555819722-1320x1162.jpg 1320w, https:\/\/leticiasanti.com\/wp-content\/uploads\/2026\/03\/Leticia-33-scaled-e1772555819722-600x528.jpg 600w, https:\/\/leticiasanti.com\/wp-content\/uploads\/2026\/03\/Leticia-33-scaled-e1772555819722.jpg 1706w\" sizes=\"(max-width: 800px) 100vw, 800px\" \/>\t\t\t\t\t\t\t\t\t\t\t\t\t\t\t<\/div>\n\t\t\t\t<\/div>\n\t\t\t\t\t<\/div>\n\t\t\t\t<\/div>\n\t\t<div class=\"elementor-element elementor-element-22259f2 e-flex e-con-boxed e-con e-child\" data-id=\"22259f2\" data-element_type=\"container\" data-e-type=\"container\">\n\t\t\t\t\t<div class=\"e-con-inner\">\n\t\t\t\t<div class=\"elementor-element elementor-element-17e387f elementor-widget elementor-widget-heading\" data-id=\"17e387f\" data-element_type=\"widget\" data-e-type=\"widget\" data-widget_type=\"heading.default\">\n\t\t\t\t<div class=\"elementor-widget-container\">\n\t\t\t\t\t<h2 class=\"elementor-heading-title elementor-size-default\">Leticia Santi Rodr\u00edguez<\/h2>\t\t\t\t<\/div>\n\t\t\t\t<\/div>\n\t\t\t\t<div class=\"elementor-element elementor-element-64fb6aa elementor-widget elementor-widget-heading\" data-id=\"64fb6aa\" data-element_type=\"widget\" data-e-type=\"widget\" data-widget_type=\"heading.default\">\n\t\t\t\t<div class=\"elementor-widget-container\">\n\t\t\t\t\t<h2 class=\"elementor-heading-title elementor-size-default\">Communication Expert and Psychologist\n\n<\/h2>\t\t\t\t<\/div>\n\t\t\t\t<\/div>\n\t\t\t\t<div class=\"elementor-element elementor-element-52c85c4 elementor-widget elementor-widget-text-editor\" data-id=\"52c85c4\" data-element_type=\"widget\" data-e-type=\"widget\" data-widget_type=\"text-editor.default\">\n\t\t\t\t<div class=\"elementor-widget-container\">\n\t\t\t\t\t\t\t\t\t<div title=\"Page 3\"><div><div><div><div title=\"Page 3\"><div><div><div><p><span style=\"font-weight: 400;\">\u00a1Hola! Soy Leticia. Soy psico\u0301loga colegiada M-41592 y especialista en comunicacio\u0301n, ansiedad y relaciones de pareja. <\/span><span style=\"font-weight: 400;\">Tengo un Grado en Psicologi\u0301a (Universidad UDIMA) y un grado en Ciencias de la Comunicacio\u0301n (The American University of Rome). <\/span><\/p><p><span style=\"font-weight: 400;\">Tambi\u00e9n poseo un Ma\u0301ster en Psicologi\u0301a General Sanitaria (Universidad UDIMA), un M\u00e1ster en Salud P\u00fablica con especializaci\u00f3n en salud mental (King&#8217;s College London) y un M\u00e1ster en Actualizaci\u00f3n en Intervenci\u00f3n Psicol\u00f3gica y Salud Mental (APIR). Soy t<\/span>erapeuta de pareja certificada (M\u00e9todo Gottman, The Gottman Institute), <span style=\"color: var( --e-global-color-text ); font-family: var( --e-global-typography-text-font-family ), Sans-serif; font-size: 1rem; font-weight: var( --e-global-typography-text-font-weight );\">Experta en Dependencia Emocional y Autoestima (M\u00e9todo Silvia Congost) y Experta en Trastornos de la Conducta Alimentaria (Colegio Oficial de la Psicologi\u0301a de Madrid).<\/span><\/p><p><span style=\"font-weight: 400;\">Regarding my experience in clinical trials, I have completed the BHBIA Adverse Event Reporting certification, the BHBIA Ethical Guidelines certification, and the EPHMRA certification (2024), all related to compliance with ethical and safety standards in biomedical research.<\/span><\/p><p><span style=\"font-weight: 400;\">Al margen de mi experiencia como psico\u0301loga, he trabajado en consultor\u00eda (Oxford Business Group), en la gestio\u0301n de ensayos cli\u0301nicos (IQVIA) y en la gestio\u0301n del programa cienti\u0301fico de congresos me\u0301dicos internacionales en Kenes Group. <\/span>Como terapeuta colaboro con Psytel Instituto de la Psicolog\u00eda y Sexolog\u00eda, Silvia Congost y Sanitas. En Psytel, soy una de las formadoras del curso de formaci\u00f3n avanzada en sexualidad cl\u00ednica.<\/p><h4>Why Psychology?<\/h4><p>Desde pequen\u0303ita me apasiona entender co\u0301mo funciona la mente humana, y c\u00f3mo podemos utilizar esos conocimientos para vivir mejor. Esto me llevo\u0301 a estudiar comunicacio\u0301n, donde la psicologi\u0301a se utiliza para lograr los objetivos de la empresa. Ma\u0301s tarde quise<span style=\"font-family: -apple-system, BlinkMacSystemFont, 'Segoe UI', Roboto, 'Helvetica Neue', Arial, 'Noto Sans', sans-serif, 'Apple Color Emoji', 'Segoe UI Emoji', 'Segoe UI Symbol', 'Noto Color Emoji';\"> focus on the more human side of psychology, on helping others. I believe that everyone deserves to live as fulfilling a life as possible.<\/span><\/p><p>En terapia tengo un enfoque hol\u00edstico e integrador. Creo que uno de los pilares del \u00abbuen psic\u00f3logo\u00bb es tener una mente abierta, amable y libre de juicio. Me apasiona seguir aprendiendo y tengo un compromiso firme con el aprendizaje continuo. En el d\u00eda a d\u00eda soy muy cercana con mis pacientes y entre sesiones siempre estoy disponible por correo o mensajer\u00eda.<\/p><\/div><\/div><\/div><\/div><div title=\"Page 4\"><div><div><div>\u00a0<\/div><\/div><\/div><\/div><\/div><\/div><\/div><\/div>\t\t\t\t\t\t\t\t<\/div>\n\t\t\t\t<\/div>\n\t\t\t\t\t<\/div>\n\t\t\t\t<\/div>\n\t\t\t\t<\/div>\n\t\t<div class=\"elementor-element elementor-element-300fb32 e-con-full e-flex e-con e-parent\" data-id=\"300fb32\" data-element_type=\"container\" data-e-type=\"container\" data-settings=\"{&quot;background_background&quot;:&quot;classic&quot;}\">\n\t\t<div class=\"elementor-element elementor-element-b6eb270 e-con-full e-flex e-con e-child\" data-id=\"b6eb270\" data-element_type=\"container\" data-e-type=\"container\" data-settings=\"{&quot;background_background&quot;:&quot;classic&quot;}\">\n\t\t\t\t<div class=\"elementor-element elementor-element-0f6fd31 elementor-widget elementor-widget-heading\" data-id=\"0f6fd31\" data-element_type=\"widget\" data-e-type=\"widget\" data-widget_type=\"heading.default\">\n\t\t\t\t<div class=\"elementor-widget-container\">\n\t\t\t\t\t<h2 class=\"elementor-heading-title elementor-size-default\">Connect with us<\/h2>\t\t\t\t<\/div>\n\t\t\t\t<\/div>\n\t\t<div class=\"elementor-element elementor-element-afd99e2 e-con-full e-flex e-con e-child\" data-id=\"afd99e2\" data-element_type=\"container\" data-e-type=\"container\">\n\t\t\t\t<div class=\"elementor-element elementor-element-4665cfc elementor-mobile-align-center elementor-widget elementor-widget-button\" data-id=\"4665cfc\" data-element_type=\"widget\" data-e-type=\"widget\" data-widget_type=\"button.default\">\n\t\t\t\t<div class=\"elementor-widget-container\">\n\t\t\t\t\t\t\t\t\t<div class=\"elementor-button-wrapper\">\n\t\t\t\t\t<a class=\"elementor-button elementor-button-link elementor-size-sm\" href=\"mailto:hello@leticiasanti.com\">\n\t\t\t\t\t\t<span class=\"elementor-button-content-wrapper\">\n\t\t\t\t\t\t\t\t\t<span class=\"elementor-button-text\">Contact us via email<\/span>\n\t\t\t\t\t<\/span>\n\t\t\t\t\t<\/a>\n\t\t\t\t<\/div>\n\t\t\t\t\t\t\t\t<\/div>\n\t\t\t\t<\/div>\n\t\t\t\t<div class=\"elementor-element elementor-element-6c1d730 elementor-mobile-align-center elementor-widget elementor-widget-button\" data-id=\"6c1d730\" data-element_type=\"widget\" data-e-type=\"widget\" data-widget_type=\"button.default\">\n\t\t\t\t<div class=\"elementor-widget-container\">\n\t\t\t\t\t\t\t\t\t<div class=\"elementor-button-wrapper\">\n\t\t\t\t\t<a class=\"elementor-button elementor-button-link elementor-size-sm\" href=\"https:\/\/wa.me\/686795773?text=Hola,%20estoy%20interesado%20en%20sus%20servicios.\">\n\t\t\t\t\t\t<span class=\"elementor-button-content-wrapper\">\n\t\t\t\t\t\t\t\t\t<span class=\"elementor-button-text\">Contact us via WhatsApp<\/span>\n\t\t\t\t\t<\/span>\n\t\t\t\t\t<\/a>\n\t\t\t\t<\/div>\n\t\t\t\t\t\t\t\t<\/div>\n\t\t\t\t<\/div>\n\t\t\t\t<\/div>\n\t\t\t\t<\/div>\n\t\t\t\t<\/div>\n\t\t\t\t<\/div>","protected":false},"excerpt":{"rendered":"<p>Leticia Santi Rodr\u00edguez Experta en Comunicaci\u00f3n y Psic\u00f3loga \u00a1Hola! Soy Leticia. Soy psico\u0301loga colegiada M-41592 y especialista en comunicacio\u0301n, ansiedad y relaciones de pareja. Tengo un Grado en Psicologi\u0301a (Universidad UDIMA) y un grado en Ciencias de la Comunicacio\u0301n (The American University of Rome). Tambi\u00e9n poseo un Ma\u0301ster en Psicologi\u0301a General Sanitaria (Universidad UDIMA), un [&hellip;]<\/p>\n","protected":false},"author":1,"featured_media":0,"parent":179,"menu_order":0,"comment_status":"closed","ping_status":"closed","template":"elementor_header_footer","meta":{"footnotes":""},"class_list":["post-244","page","type-page","status-publish","hentry"],"aioseo_notices":[],"yoast_head":"<!-- This site is optimized with the Yoast SEO plugin v27.5 - https:\/\/yoast.com\/product\/yoast-seo-wordpress\/ -->\n<title>Leticia Santi - Leticia Santi Psic&oacute;logos<\/title>\n<meta name=\"description\" content=\"Psicolog\u00eda en Madrid. Te ofrecemos un enfoque terap\u00e9utico personalizado y altamente efectivo, dise\u00f1ado para ayudarte.\" \/>\n<meta name=\"robots\" content=\"noindex, follow\" \/>\n<meta property=\"og:locale\" content=\"en_GB\" \/>\n<meta property=\"og:type\" content=\"article\" \/>\n<meta property=\"og:title\" content=\"Leticia Santi - Leticia Santi Psic&oacute;logos\" \/>\n<meta property=\"og:description\" content=\"Psicolog\u00eda en Madrid. Te ofrecemos un enfoque terap\u00e9utico personalizado y altamente efectivo, dise\u00f1ado para ayudarte.\" \/>\n<meta property=\"og:url\" content=\"https:\/\/leticiasanti.com\/en\/equipo\/leticia\/\" \/>\n<meta property=\"og:site_name\" content=\"Leticia Santi Psic&oacute;logos\" \/>\n<meta property=\"article:modified_time\" content=\"2026-04-01T17:24:40+00:00\" \/>\n<meta property=\"og:image\" content=\"https:\/\/leticiasanti.com\/wp-content\/uploads\/2026\/03\/Leticia-33-scaled-e1772555819722.jpg\" \/>\n\t<meta property=\"og:image:width\" content=\"1706\" \/>\n\t<meta property=\"og:image:height\" content=\"1502\" \/>\n\t<meta property=\"og:image:type\" content=\"image\/jpeg\" \/>\n<meta name=\"twitter:card\" content=\"summary_large_image\" \/>\n<meta name=\"twitter:label1\" content=\"Estimated reading time\" \/>\n\t<meta name=\"twitter:data1\" content=\"2 minutes\" \/>\n<script type=\"application\/ld+json\" class=\"yoast-schema-graph\">{\"@context\":\"https:\\\/\\\/schema.org\",\"@graph\":[{\"@type\":\"WebPage\",\"@id\":\"https:\\\/\\\/leticiasanti.com\\\/equipo\\\/leticia\\\/\",\"url\":\"https:\\\/\\\/leticiasanti.com\\\/equipo\\\/leticia\\\/\",\"name\":\"Leticia Santi - Leticia Santi Psic&oacute;logos\",\"isPartOf\":{\"@id\":\"https:\\\/\\\/leticiasanti.com\\\/#website\"},\"primaryImageOfPage\":{\"@id\":\"https:\\\/\\\/leticiasanti.com\\\/equipo\\\/leticia\\\/#primaryimage\"},\"image\":{\"@id\":\"https:\\\/\\\/leticiasanti.com\\\/equipo\\\/leticia\\\/#primaryimage\"},\"thumbnailUrl\":\"https:\\\/\\\/leticiasanti.com\\\/wp-content\\\/uploads\\\/2026\\\/03\\\/Leticia-33-scaled-e1772555819722-1024x902.jpg\",\"datePublished\":\"2024-11-26T10:09:57+00:00\",\"dateModified\":\"2026-04-01T17:24:40+00:00\",\"description\":\"Psicolog\u00eda en Madrid. Te ofrecemos un enfoque terap\u00e9utico personalizado y altamente efectivo, dise\u00f1ado para ayudarte.\",\"breadcrumb\":{\"@id\":\"https:\\\/\\\/leticiasanti.com\\\/equipo\\\/leticia\\\/#breadcrumb\"},\"inLanguage\":\"en-GB\",\"potentialAction\":[{\"@type\":\"ReadAction\",\"target\":[\"https:\\\/\\\/leticiasanti.com\\\/equipo\\\/leticia\\\/\"]}]},{\"@type\":\"ImageObject\",\"inLanguage\":\"en-GB\",\"@id\":\"https:\\\/\\\/leticiasanti.com\\\/equipo\\\/leticia\\\/#primaryimage\",\"url\":\"https:\\\/\\\/leticiasanti.com\\\/wp-content\\\/uploads\\\/2026\\\/03\\\/Leticia-33-scaled-e1772555819722-1024x902.jpg\",\"contentUrl\":\"https:\\\/\\\/leticiasanti.com\\\/wp-content\\\/uploads\\\/2026\\\/03\\\/Leticia-33-scaled-e1772555819722-1024x902.jpg\"},{\"@type\":\"BreadcrumbList\",\"@id\":\"https:\\\/\\\/leticiasanti.com\\\/equipo\\\/leticia\\\/#breadcrumb\",\"itemListElement\":[{\"@type\":\"ListItem\",\"position\":1,\"name\":\"Portada\",\"item\":\"https:\\\/\\\/leticiasanti.com\\\/\"},{\"@type\":\"ListItem\",\"position\":2,\"name\":\"Equipo\",\"item\":\"https:\\\/\\\/leticiasanti.com\\\/equipo\\\/\"},{\"@type\":\"ListItem\",\"position\":3,\"name\":\"Leticia Santi\"}]},{\"@type\":\"WebSite\",\"@id\":\"https:\\\/\\\/leticiasanti.com\\\/#website\",\"url\":\"https:\\\/\\\/leticiasanti.com\\\/\",\"name\":\"Leticia Santi Psic&oacute;logos\",\"description\":\"\",\"potentialAction\":[{\"@type\":\"SearchAction\",\"target\":{\"@type\":\"EntryPoint\",\"urlTemplate\":\"https:\\\/\\\/leticiasanti.com\\\/?s={search_term_string}\"},\"query-input\":{\"@type\":\"PropertyValueSpecification\",\"valueRequired\":true,\"valueName\":\"search_term_string\"}}],\"inLanguage\":\"en-GB\"}]}<\/script>\n<!-- \/ Yoast SEO plugin. -->","yoast_head_json":{"title":"Leticia Santi - Leticia Santi Psic&oacute;logos","description":"Psicolog\u00eda en Madrid. Te ofrecemos un enfoque terap\u00e9utico personalizado y altamente efectivo, dise\u00f1ado para ayudarte.","robots":{"index":"noindex","follow":"follow"},"og_locale":"en_GB","og_type":"article","og_title":"Leticia Santi - Leticia Santi Psic&oacute;logos","og_description":"Psicolog\u00eda en Madrid. Te ofrecemos un enfoque terap\u00e9utico personalizado y altamente efectivo, dise\u00f1ado para ayudarte.","og_url":"https:\/\/leticiasanti.com\/en\/equipo\/leticia\/","og_site_name":"Leticia Santi Psic&oacute;logos","article_modified_time":"2026-04-01T17:24:40+00:00","og_image":[{"width":1706,"height":1502,"url":"https:\/\/leticiasanti.com\/wp-content\/uploads\/2026\/03\/Leticia-33-scaled-e1772555819722.jpg","type":"image\/jpeg"}],"twitter_card":"summary_large_image","twitter_misc":{"Estimated reading time":"2 minutes"},"schema":{"@context":"https:\/\/schema.org","@graph":[{"@type":"WebPage","@id":"https:\/\/leticiasanti.com\/equipo\/leticia\/","url":"https:\/\/leticiasanti.com\/equipo\/leticia\/","name":"Leticia Santi - Leticia Santi Psic&oacute;logos","isPartOf":{"@id":"https:\/\/leticiasanti.com\/#website"},"primaryImageOfPage":{"@id":"https:\/\/leticiasanti.com\/equipo\/leticia\/#primaryimage"},"image":{"@id":"https:\/\/leticiasanti.com\/equipo\/leticia\/#primaryimage"},"thumbnailUrl":"https:\/\/leticiasanti.com\/wp-content\/uploads\/2026\/03\/Leticia-33-scaled-e1772555819722-1024x902.jpg","datePublished":"2024-11-26T10:09:57+00:00","dateModified":"2026-04-01T17:24:40+00:00","description":"Psicolog\u00eda en Madrid. Te ofrecemos un enfoque terap\u00e9utico personalizado y altamente efectivo, dise\u00f1ado para ayudarte.","breadcrumb":{"@id":"https:\/\/leticiasanti.com\/equipo\/leticia\/#breadcrumb"},"inLanguage":"en-GB","potentialAction":[{"@type":"ReadAction","target":["https:\/\/leticiasanti.com\/equipo\/leticia\/"]}]},{"@type":"ImageObject","inLanguage":"en-GB","@id":"https:\/\/leticiasanti.com\/equipo\/leticia\/#primaryimage","url":"https:\/\/leticiasanti.com\/wp-content\/uploads\/2026\/03\/Leticia-33-scaled-e1772555819722-1024x902.jpg","contentUrl":"https:\/\/leticiasanti.com\/wp-content\/uploads\/2026\/03\/Leticia-33-scaled-e1772555819722-1024x902.jpg"},{"@type":"BreadcrumbList","@id":"https:\/\/leticiasanti.com\/equipo\/leticia\/#breadcrumb","itemListElement":[{"@type":"ListItem","position":1,"name":"Portada","item":"https:\/\/leticiasanti.com\/"},{"@type":"ListItem","position":2,"name":"Equipo","item":"https:\/\/leticiasanti.com\/equipo\/"},{"@type":"ListItem","position":3,"name":"Leticia Santi"}]},{"@type":"WebSite","@id":"https:\/\/leticiasanti.com\/#website","url":"https:\/\/leticiasanti.com\/","name":"Leticia Santi Psic&oacute;logos","description":"","potentialAction":[{"@type":"SearchAction","target":{"@type":"EntryPoint","urlTemplate":"https:\/\/leticiasanti.com\/?s={search_term_string}"},"query-input":{"@type":"PropertyValueSpecification","valueRequired":true,"valueName":"search_term_string"}}],"inLanguage":"en-GB"}]}},"_links":{"self":[{"href":"https:\/\/leticiasanti.com\/en\/wp-json\/wp\/v2\/pages\/244","targetHints":{"allow":["GET"]}}],"collection":[{"href":"https:\/\/leticiasanti.com\/en\/wp-json\/wp\/v2\/pages"}],"about":[{"href":"https:\/\/leticiasanti.com\/en\/wp-json\/wp\/v2\/types\/page"}],"author":[{"embeddable":true,"href":"https:\/\/leticiasanti.com\/en\/wp-json\/wp\/v2\/users\/1"}],"replies":[{"embeddable":true,"href":"https:\/\/leticiasanti.com\/en\/wp-json\/wp\/v2\/comments?post=244"}],"version-history":[{"count":85,"href":"https:\/\/leticiasanti.com\/en\/wp-json\/wp\/v2\/pages\/244\/revisions"}],"predecessor-version":[{"id":2328,"href":"https:\/\/leticiasanti.com\/en\/wp-json\/wp\/v2\/pages\/244\/revisions\/2328"}],"up":[{"embeddable":true,"href":"https:\/\/leticiasanti.com\/en\/wp-json\/wp\/v2\/pages\/179"}],"wp:attachment":[{"href":"https:\/\/leticiasanti.com\/en\/wp-json\/wp\/v2\/media?parent=244"}],"curies":[{"name":"wp","href":"https:\/\/api.w.org\/{rel}","templated":true}]}}