{"id":269,"date":"2024-11-26T10:42:35","date_gmt":"2024-11-26T10:42:35","guid":{"rendered":"https:\/\/leticiasanti.com\/?page_id=269"},"modified":"2026-03-23T10:14:22","modified_gmt":"2026-03-23T10:14:22","slug":"metodo","status":"publish","type":"page","link":"https:\/\/leticiasanti.com\/en\/metodo\/","title":{"rendered":"Working Method"},"content":{"rendered":"<div data-elementor-type=\"wp-page\" data-elementor-id=\"269\" class=\"elementor elementor-269\" data-elementor-post-type=\"page\">\n\t\t\t\t<div class=\"elementor-element elementor-element-7a758ea e-flex e-con-boxed e-con e-parent\" data-id=\"7a758ea\" data-element_type=\"container\" data-e-type=\"container\" data-settings=\"{&quot;background_background&quot;:&quot;classic&quot;}\">\n\t\t\t\t\t<div class=\"e-con-inner\">\n\t\t\t\t<div class=\"elementor-element elementor-element-a0a837b elementor-widget elementor-widget-heading\" data-id=\"a0a837b\" data-element_type=\"widget\" data-e-type=\"widget\" data-widget_type=\"heading.default\">\n\t\t\t\t<div class=\"elementor-widget-container\">\n\t\t\t\t\t<h2 class=\"elementor-heading-title elementor-size-default\">Working Method<\/h2>\t\t\t\t<\/div>\n\t\t\t\t<\/div>\n\t\t\t\t\t<\/div>\n\t\t\t\t<\/div>\n\t\t<div class=\"elementor-element elementor-element-26e77ff e-flex e-con-boxed e-con e-parent\" data-id=\"26e77ff\" data-element_type=\"container\" data-e-type=\"container\" data-settings=\"{&quot;background_background&quot;:&quot;classic&quot;}\">\n\t\t\t\t\t<div class=\"e-con-inner\">\n\t\t<div class=\"elementor-element elementor-element-47c00b8 e-con-full e-flex e-con e-child\" data-id=\"47c00b8\" data-element_type=\"container\" data-e-type=\"container\" data-settings=\"{&quot;background_background&quot;:&quot;classic&quot;}\">\n\t\t\t\t<div class=\"elementor-element elementor-element-47329a8 elementor-widget elementor-widget-text-editor\" data-id=\"47329a8\" data-element_type=\"widget\" data-e-type=\"widget\" data-widget_type=\"text-editor.default\">\n\t\t\t\t<div class=\"elementor-widget-container\">\n\t\t\t\t\t\t\t\t\t<div title=\"Page 9\"><p>\u25cf\u00a0 Family therapy.<\/p><p>\u25cf\u00a0 Anxiety and stress.<\/p><p>\u25cf\u00a0 Self-esteem.<\/p><p>\u25cf\u00a0 Communication.<\/p><\/div>\t\t\t\t\t\t\t\t<\/div>\n\t\t\t\t<\/div>\n\t\t\t\t<\/div>\n\t\t<div class=\"elementor-element elementor-element-ffd7ce9 e-con-full e-flex e-con e-child\" data-id=\"ffd7ce9\" data-element_type=\"container\" data-e-type=\"container\" data-settings=\"{&quot;background_background&quot;:&quot;classic&quot;}\">\n\t\t\t\t<div class=\"elementor-element elementor-element-dcc5d62 elementor-widget elementor-widget-text-editor\" data-id=\"dcc5d62\" data-element_type=\"widget\" data-e-type=\"widget\" data-widget_type=\"text-editor.default\">\n\t\t\t\t<div class=\"elementor-widget-container\">\n\t\t\t\t\t\t\t\t\t<div class=\"page\" title=\"Page 9\"><div class=\"section\"><div class=\"layoutArea\"><div class=\"column\"><p>\u25cf \u00a0Career guidance.<\/p><p>\u25cf \u00a0Eating disorders.<\/p><p>\u25cf \u00a0Couples relationships.<\/p><p>\u25cf \u00a0Sex and eroticism.<\/p><\/div><\/div><\/div><\/div>\t\t\t\t\t\t\t\t<\/div>\n\t\t\t\t<\/div>\n\t\t\t\t<\/div>\n\t\t<div class=\"elementor-element elementor-element-207b108 e-con-full e-flex e-con e-child\" data-id=\"207b108\" data-element_type=\"container\" data-e-type=\"container\" data-settings=\"{&quot;background_background&quot;:&quot;classic&quot;}\">\n\t\t\t\t<div class=\"elementor-element elementor-element-5c42076 elementor-widget elementor-widget-text-editor\" data-id=\"5c42076\" data-element_type=\"widget\" data-e-type=\"widget\" data-widget_type=\"text-editor.default\">\n\t\t\t\t<div class=\"elementor-widget-container\">\n\t\t\t\t\t\t\t\t\t<div class=\"page\" title=\"Page 9\"><div class=\"section\"><div class=\"layoutArea\"><div class=\"column\"><p>Utilizo <strong>te\u0301cnicas basadas en la evidencia. <\/strong><\/p><p>Mi enfoque es <strong>cognitivo conductual<\/strong><b>\u00a0integrador<\/b>.<\/p><p>Siempre trabajo en<b> formato<\/b><b> personalizado<\/b>, adapt\u00e1ndome a las necesidades de cada paciente.\u00a0<\/p><\/div><\/div><\/div><\/div>\t\t\t\t\t\t\t\t<\/div>\n\t\t\t\t<\/div>\n\t\t\t\t<\/div>\n\t\t\t\t\t<\/div>\n\t\t\t\t<\/div>\n\t\t<div class=\"elementor-element elementor-element-a340e4a e-flex e-con-boxed e-con e-parent\" data-id=\"a340e4a\" data-element_type=\"container\" data-e-type=\"container\" data-settings=\"{&quot;background_background&quot;:&quot;classic&quot;}\">\n\t\t\t\t\t<div class=\"e-con-inner\">\n\t\t<div class=\"elementor-element elementor-element-07bac81 e-con-full e-flex e-con e-child\" data-id=\"07bac81\" data-element_type=\"container\" data-e-type=\"container\">\n\t\t\t\t<\/div>\n\t\t<div class=\"elementor-element elementor-element-f5cc38a e-con-full e-flex e-con e-child\" data-id=\"f5cc38a\" data-element_type=\"container\" data-e-type=\"container\">\n\t\t\t\t<div class=\"elementor-element elementor-element-e90aad4 elementor-widget elementor-widget-text-editor\" data-id=\"e90aad4\" data-element_type=\"widget\" data-e-type=\"widget\" data-widget_type=\"text-editor.default\">\n\t\t\t\t<div class=\"elementor-widget-container\">\n\t\t\t\t\t\t\t\t\t<div class=\"page\" title=\"Page 9\"><div class=\"section\"><div class=\"layoutArea\"><div class=\"column\"><p>Mi enfoque es integrador, con una fuerte base corte cognitivo-conductual (es el enfoque psicol\u00f3gico que m\u00e1s evidencia cient\u00edfica tiene), incorporando te\u0301cnicas de diversas corrientes psicolo\u0301gicas segu\u0301n lo requiera cada caso particular.\u00a0<\/p><p>Mis intervenciones se alinean con las recomendaciones de las gui\u0301as de tratamiento de la <strong>American Psychological Association (APA)<\/strong>, la entidad de referencia mundial para el tratamiento de los trastornos psicolo\u0301gicos.<\/p><\/div><\/div><\/div><\/div><div class=\"page\" title=\"Page 10\"><div class=\"section\"><div class=\"layoutArea\"><div class=\"column\"><p><strong>Cognitive Behavioural Therapy (CBT)<\/strong> se centra en analizar la interrelacio\u0301n entre pensamientos, emociones y conducta. A trave\u0301s de este enfoque, identificamos pensamientos desadaptativos y fomentamos el establecimiento de una perspectiva diferente. Complementamos la TCC con incorporciones de otras escuelas terap\u00e9uticas como la terapia sist\u00e9mica o la terapia Gestalt, seg\u00fan lo requiera el caso.<\/p><p><strong>Dise\u00f1o las sesiones en torno objetivos claros, especi\u0301ficos y medibles, <\/strong>con el prop\u00f3sito de que cada sesi\u00f3n te aporte algo. Aprendera\u0301s herramientas pra\u0301cticas y habilidades que te permitira\u0301n conseguir lo que te propongas y mejorar tu calidad de vida.<\/p><\/div><\/div><\/div><\/div>\t\t\t\t\t\t\t\t<\/div>\n\t\t\t\t<\/div>\n\t\t\t\t<\/div>\n\t\t\t\t\t<\/div>\n\t\t\t\t<\/div>\n\t\t<div class=\"elementor-element elementor-element-d6cacdf e-flex e-con-boxed e-con e-parent\" data-id=\"d6cacdf\" data-element_type=\"container\" data-e-type=\"container\" data-settings=\"{&quot;background_background&quot;:&quot;classic&quot;}\">\n\t\t\t\t\t<div class=\"e-con-inner\">\n\t\t<div class=\"elementor-element elementor-element-6a0c4e1 e-con-full e-flex e-con e-child\" data-id=\"6a0c4e1\" data-element_type=\"container\" data-e-type=\"container\">\n\t\t<div class=\"elementor-element elementor-element-86abeb9 e-con-full e-flex e-con e-child\" data-id=\"86abeb9\" data-element_type=\"container\" data-e-type=\"container\" data-settings=\"{&quot;background_background&quot;:&quot;classic&quot;}\">\n\t\t\t\t<div class=\"elementor-element elementor-element-2a9d711 elementor-widget elementor-widget-heading\" data-id=\"2a9d711\" data-element_type=\"widget\" data-e-type=\"widget\" data-widget_type=\"heading.default\">\n\t\t\t\t<div class=\"elementor-widget-container\">\n\t\t\t\t\t<h2 class=\"elementor-heading-title elementor-size-default\">Trabajo contigo, paso a paso, para que alcances tus objetivos<\/h2>\t\t\t\t<\/div>\n\t\t\t\t<\/div>\n\t\t\t\t<\/div>\n\t\t\t\t<\/div>\n\t\t\t\t\t<\/div>\n\t\t\t\t<\/div>\n\t\t<div class=\"elementor-element elementor-element-3419038 e-flex e-con-boxed e-con e-parent\" data-id=\"3419038\" data-element_type=\"container\" data-e-type=\"container\" data-settings=\"{&quot;background_background&quot;:&quot;classic&quot;}\">\n\t\t\t\t\t<div class=\"e-con-inner\">\n\t\t<div class=\"elementor-element elementor-element-057c26f e-con-full e-flex e-con e-child\" data-id=\"057c26f\" data-element_type=\"container\" data-e-type=\"container\" data-settings=\"{&quot;background_background&quot;:&quot;classic&quot;}\">\n\t\t\t\t<div class=\"elementor-element elementor-element-82624f4 elementor-view-default elementor-widget elementor-widget-icon\" data-id=\"82624f4\" data-element_type=\"widget\" data-e-type=\"widget\" data-widget_type=\"icon.default\">\n\t\t\t\t<div class=\"elementor-widget-container\">\n\t\t\t\t\t\t\t<div class=\"elementor-icon-wrapper\">\n\t\t\t<div class=\"elementor-icon\">\n\t\t\t<svg aria-hidden=\"true\" class=\"e-font-icon-svg e-fas-circle\" viewbox=\"0 0 512 512\" xmlns=\"http:\/\/www.w3.org\/2000\/svg\"><path d=\"M256 8C119 8 8 119 8 256s111 248 248 248 248-111 248-248S393 8 256 8z\"><\/path><\/svg>\t\t\t<\/div>\n\t\t<\/div>\n\t\t\t\t\t\t<\/div>\n\t\t\t\t<\/div>\n\t\t\t\t<div class=\"elementor-element elementor-element-cf980d1 elementor-widget elementor-widget-text-editor\" data-id=\"cf980d1\" data-element_type=\"widget\" data-e-type=\"widget\" data-widget_type=\"text-editor.default\">\n\t\t\t\t<div class=\"elementor-widget-container\">\n\t\t\t\t\t\t\t\t\t<div class=\"page\" title=\"Page 10\"><div class=\"section\"><div class=\"layoutArea\"><div class=\"column\"><p>Joint delimitation of clear, specific, and measurable objectives<\/p><\/div><\/div><\/div><\/div>\t\t\t\t\t\t\t\t<\/div>\n\t\t\t\t<\/div>\n\t\t\t\t<\/div>\n\t\t<div class=\"elementor-element elementor-element-8537978 e-con-full e-flex e-con e-child\" data-id=\"8537978\" data-element_type=\"container\" data-e-type=\"container\" data-settings=\"{&quot;background_background&quot;:&quot;classic&quot;}\">\n\t\t\t\t<div class=\"elementor-element elementor-element-2fc3391 elementor-view-default elementor-widget elementor-widget-icon\" data-id=\"2fc3391\" data-element_type=\"widget\" data-e-type=\"widget\" data-widget_type=\"icon.default\">\n\t\t\t\t<div class=\"elementor-widget-container\">\n\t\t\t\t\t\t\t<div class=\"elementor-icon-wrapper\">\n\t\t\t<div class=\"elementor-icon\">\n\t\t\t<svg aria-hidden=\"true\" class=\"e-font-icon-svg e-fas-circle\" viewbox=\"0 0 512 512\" xmlns=\"http:\/\/www.w3.org\/2000\/svg\"><path d=\"M256 8C119 8 8 119 8 256s111 248 248 248 248-111 248-248S393 8 256 8z\"><\/path><\/svg>\t\t\t<\/div>\n\t\t<\/div>\n\t\t\t\t\t\t<\/div>\n\t\t\t\t<\/div>\n\t\t\t\t<div class=\"elementor-element elementor-element-21b587e elementor-widget elementor-widget-text-editor\" data-id=\"21b587e\" data-element_type=\"widget\" data-e-type=\"widget\" data-widget_type=\"text-editor.default\">\n\t\t\t\t<div class=\"elementor-widget-container\">\n\t\t\t\t\t\t\t\t\t<div class=\"page\" title=\"Page 10\"><div class=\"section\"><div class=\"layoutArea\"><div class=\"column\"><div class=\"page\" title=\"Page 10\"><div class=\"section\"><div class=\"layoutArea\"><div class=\"column\"><p>Implementacio\u0301n de te\u0301cnicas basadas en la evidencia adaptadas a tus necesidades\u00a0<\/p><\/div><\/div><\/div><\/div><\/div><\/div><\/div><\/div>\t\t\t\t\t\t\t\t<\/div>\n\t\t\t\t<\/div>\n\t\t\t\t<\/div>\n\t\t<div class=\"elementor-element elementor-element-0b89bca e-con-full e-flex e-con e-child\" data-id=\"0b89bca\" data-element_type=\"container\" data-e-type=\"container\" data-settings=\"{&quot;background_background&quot;:&quot;classic&quot;}\">\n\t\t\t\t<div class=\"elementor-element elementor-element-613e8dc elementor-view-default elementor-widget elementor-widget-icon\" data-id=\"613e8dc\" data-element_type=\"widget\" data-e-type=\"widget\" data-widget_type=\"icon.default\">\n\t\t\t\t<div class=\"elementor-widget-container\">\n\t\t\t\t\t\t\t<div class=\"elementor-icon-wrapper\">\n\t\t\t<div class=\"elementor-icon\">\n\t\t\t<svg aria-hidden=\"true\" class=\"e-font-icon-svg e-fas-circle\" viewbox=\"0 0 512 512\" xmlns=\"http:\/\/www.w3.org\/2000\/svg\"><path d=\"M256 8C119 8 8 119 8 256s111 248 248 248 248-111 248-248S393 8 256 8z\"><\/path><\/svg>\t\t\t<\/div>\n\t\t<\/div>\n\t\t\t\t\t\t<\/div>\n\t\t\t\t<\/div>\n\t\t\t\t<div class=\"elementor-element elementor-element-6c7eba6 elementor-widget elementor-widget-text-editor\" data-id=\"6c7eba6\" data-element_type=\"widget\" data-e-type=\"widget\" data-widget_type=\"text-editor.default\">\n\t\t\t\t<div class=\"elementor-widget-container\">\n\t\t\t\t\t\t\t\t\t<div class=\"page\" title=\"Page 10\"><div class=\"section\"><div class=\"layoutArea\"><div class=\"column\"><div class=\"page\" title=\"Page 10\"><div class=\"section\"><div class=\"layoutArea\"><div class=\"column\"><p>Evaluacio\u0301n de resultados y seguimiento para consolidar los logros\u00a0<\/p><\/div><\/div><\/div><\/div><\/div><\/div><\/div><\/div>\t\t\t\t\t\t\t\t<\/div>\n\t\t\t\t<\/div>\n\t\t\t\t<\/div>\n\t\t\t\t\t<\/div>\n\t\t\t\t<\/div>\n\t\t\t\t<\/div>","protected":false},"excerpt":{"rendered":"<p>M\u00e9todo \u25cf\u00a0 Terapia familiar. \u25cf\u00a0 Estre\u0301s y la ansiedad. \u25cf \u00a0Autoestima. \u25cf \u00a0Comunicacio\u0301n. \u25cf \u00a0Orientacio\u0301n laboral. \u25cf \u00a0Conducta alimentaria. \u25cf \u00a0Relaciones de pareja. \u25cf \u00a0Sexo y erotimo. Utilizo te\u0301cnicas basadas en la evidencia. Mi enfoque es cognitivo conductual\u00a0integrador. Siempre trabajo en formato personalizado, adapt\u00e1ndome a las necesidades de cada paciente.\u00a0 Mi enfoque es integrador, con [&hellip;]<\/p>\n","protected":false},"author":1,"featured_media":0,"parent":0,"menu_order":0,"comment_status":"closed","ping_status":"closed","template":"elementor_header_footer","meta":{"footnotes":""},"class_list":["post-269","page","type-page","status-publish","hentry"],"aioseo_notices":[],"yoast_head":"<!-- This site is optimized with the Yoast SEO plugin v27.5 - https:\/\/yoast.com\/product\/yoast-seo-wordpress\/ -->\n<title>M\u00e9todo - Leticia Santi Psic&oacute;logos<\/title>\n<meta name=\"robots\" content=\"noindex, follow\" \/>\n<meta property=\"og:locale\" content=\"en_GB\" \/>\n<meta property=\"og:type\" content=\"article\" \/>\n<meta property=\"og:title\" content=\"M\u00e9todo - Leticia Santi Psic&oacute;logos\" \/>\n<meta property=\"og:description\" content=\"M\u00e9todo \u25cf\u00a0 Terapia familiar. \u25cf\u00a0 Estre\u0301s y la ansiedad. \u25cf \u00a0Autoestima. \u25cf \u00a0Comunicacio\u0301n. \u25cf \u00a0Orientacio\u0301n laboral. \u25cf \u00a0Conducta alimentaria. \u25cf \u00a0Relaciones de pareja. \u25cf \u00a0Sexo y erotimo. Utilizo te\u0301cnicas basadas en la evidencia. Mi enfoque es cognitivo conductual\u00a0integrador. Siempre trabajo en formato personalizado, adapt\u00e1ndome a las necesidades de cada paciente.\u00a0 Mi enfoque es integrador, con [&hellip;]\" \/>\n<meta property=\"og:url\" content=\"https:\/\/leticiasanti.com\/en\/metodo\/\" \/>\n<meta property=\"og:site_name\" content=\"Leticia Santi Psic&oacute;logos\" \/>\n<meta property=\"article:modified_time\" content=\"2026-03-23T10:14:22+00:00\" \/>\n<meta name=\"twitter:card\" content=\"summary_large_image\" \/>\n<meta name=\"twitter:label1\" content=\"Estimated reading time\" \/>\n\t<meta name=\"twitter:data1\" content=\"2 minutes\" \/>\n<script type=\"application\/ld+json\" class=\"yoast-schema-graph\">{\"@context\":\"https:\\\/\\\/schema.org\",\"@graph\":[{\"@type\":\"WebPage\",\"@id\":\"https:\\\/\\\/leticiasanti.com\\\/metodo\\\/\",\"url\":\"https:\\\/\\\/leticiasanti.com\\\/metodo\\\/\",\"name\":\"M\u00e9todo - Leticia Santi Psic&oacute;logos\",\"isPartOf\":{\"@id\":\"https:\\\/\\\/leticiasanti.com\\\/#website\"},\"datePublished\":\"2024-11-26T10:42:35+00:00\",\"dateModified\":\"2026-03-23T10:14:22+00:00\",\"breadcrumb\":{\"@id\":\"https:\\\/\\\/leticiasanti.com\\\/metodo\\\/#breadcrumb\"},\"inLanguage\":\"en-GB\",\"potentialAction\":[{\"@type\":\"ReadAction\",\"target\":[\"https:\\\/\\\/leticiasanti.com\\\/metodo\\\/\"]}]},{\"@type\":\"BreadcrumbList\",\"@id\":\"https:\\\/\\\/leticiasanti.com\\\/metodo\\\/#breadcrumb\",\"itemListElement\":[{\"@type\":\"ListItem\",\"position\":1,\"name\":\"Portada\",\"item\":\"https:\\\/\\\/leticiasanti.com\\\/\"},{\"@type\":\"ListItem\",\"position\":2,\"name\":\"M\u00e9todo\"}]},{\"@type\":\"WebSite\",\"@id\":\"https:\\\/\\\/leticiasanti.com\\\/#website\",\"url\":\"https:\\\/\\\/leticiasanti.com\\\/\",\"name\":\"Leticia Santi Psic&oacute;logos\",\"description\":\"\",\"potentialAction\":[{\"@type\":\"SearchAction\",\"target\":{\"@type\":\"EntryPoint\",\"urlTemplate\":\"https:\\\/\\\/leticiasanti.com\\\/?s={search_term_string}\"},\"query-input\":{\"@type\":\"PropertyValueSpecification\",\"valueRequired\":true,\"valueName\":\"search_term_string\"}}],\"inLanguage\":\"en-GB\"}]}<\/script>\n<!-- \/ Yoast SEO plugin. -->","yoast_head_json":{"title":"M\u00e9todo - Leticia Santi Psic&oacute;logos","robots":{"index":"noindex","follow":"follow"},"og_locale":"en_GB","og_type":"article","og_title":"M\u00e9todo - Leticia Santi Psic&oacute;logos","og_description":"M\u00e9todo \u25cf\u00a0 Terapia familiar. \u25cf\u00a0 Estre\u0301s y la ansiedad. \u25cf \u00a0Autoestima. \u25cf \u00a0Comunicacio\u0301n. \u25cf \u00a0Orientacio\u0301n laboral. \u25cf \u00a0Conducta alimentaria. \u25cf \u00a0Relaciones de pareja. \u25cf \u00a0Sexo y erotimo. Utilizo te\u0301cnicas basadas en la evidencia. Mi enfoque es cognitivo conductual\u00a0integrador. Siempre trabajo en formato personalizado, adapt\u00e1ndome a las necesidades de cada paciente.\u00a0 Mi enfoque es integrador, con [&hellip;]","og_url":"https:\/\/leticiasanti.com\/en\/metodo\/","og_site_name":"Leticia Santi Psic&oacute;logos","article_modified_time":"2026-03-23T10:14:22+00:00","twitter_card":"summary_large_image","twitter_misc":{"Estimated reading time":"2 minutes"},"schema":{"@context":"https:\/\/schema.org","@graph":[{"@type":"WebPage","@id":"https:\/\/leticiasanti.com\/metodo\/","url":"https:\/\/leticiasanti.com\/metodo\/","name":"M\u00e9todo - Leticia Santi Psic&oacute;logos","isPartOf":{"@id":"https:\/\/leticiasanti.com\/#website"},"datePublished":"2024-11-26T10:42:35+00:00","dateModified":"2026-03-23T10:14:22+00:00","breadcrumb":{"@id":"https:\/\/leticiasanti.com\/metodo\/#breadcrumb"},"inLanguage":"en-GB","potentialAction":[{"@type":"ReadAction","target":["https:\/\/leticiasanti.com\/metodo\/"]}]},{"@type":"BreadcrumbList","@id":"https:\/\/leticiasanti.com\/metodo\/#breadcrumb","itemListElement":[{"@type":"ListItem","position":1,"name":"Portada","item":"https:\/\/leticiasanti.com\/"},{"@type":"ListItem","position":2,"name":"M\u00e9todo"}]},{"@type":"WebSite","@id":"https:\/\/leticiasanti.com\/#website","url":"https:\/\/leticiasanti.com\/","name":"Leticia Santi Psic&oacute;logos","description":"","potentialAction":[{"@type":"SearchAction","target":{"@type":"EntryPoint","urlTemplate":"https:\/\/leticiasanti.com\/?s={search_term_string}"},"query-input":{"@type":"PropertyValueSpecification","valueRequired":true,"valueName":"search_term_string"}}],"inLanguage":"en-GB"}]}},"_links":{"self":[{"href":"https:\/\/leticiasanti.com\/en\/wp-json\/wp\/v2\/pages\/269","targetHints":{"allow":["GET"]}}],"collection":[{"href":"https:\/\/leticiasanti.com\/en\/wp-json\/wp\/v2\/pages"}],"about":[{"href":"https:\/\/leticiasanti.com\/en\/wp-json\/wp\/v2\/types\/page"}],"author":[{"embeddable":true,"href":"https:\/\/leticiasanti.com\/en\/wp-json\/wp\/v2\/users\/1"}],"replies":[{"embeddable":true,"href":"https:\/\/leticiasanti.com\/en\/wp-json\/wp\/v2\/comments?post=269"}],"version-history":[{"count":71,"href":"https:\/\/leticiasanti.com\/en\/wp-json\/wp\/v2\/pages\/269\/revisions"}],"predecessor-version":[{"id":2320,"href":"https:\/\/leticiasanti.com\/en\/wp-json\/wp\/v2\/pages\/269\/revisions\/2320"}],"wp:attachment":[{"href":"https:\/\/leticiasanti.com\/en\/wp-json\/wp\/v2\/media?parent=269"}],"curies":[{"name":"wp","href":"https:\/\/api.w.org\/{rel}","templated":true}]}}