{"id":338,"date":"2024-11-26T16:44:14","date_gmt":"2024-11-26T16:44:14","guid":{"rendered":"https:\/\/leticiasanti.com\/?page_id=338"},"modified":"2026-03-03T19:28:10","modified_gmt":"2026-03-03T19:28:10","slug":"sesiones-pro-bono","status":"publish","type":"page","link":"https:\/\/leticiasanti.com\/en\/sesiones-pro-bono\/","title":{"rendered":"Pro bono program"},"content":{"rendered":"<div data-elementor-type=\"wp-page\" data-elementor-id=\"338\" class=\"elementor elementor-338\" data-elementor-post-type=\"page\">\n\t\t\t\t<div class=\"elementor-element elementor-element-2722a56 e-flex e-con-boxed e-con e-parent\" data-id=\"2722a56\" data-element_type=\"container\" data-e-type=\"container\" data-settings=\"{&quot;background_background&quot;:&quot;classic&quot;}\">\n\t\t\t\t\t<div class=\"e-con-inner\">\n\t\t\t\t<div class=\"elementor-element elementor-element-18660a9 elementor-widget elementor-widget-heading\" data-id=\"18660a9\" data-element_type=\"widget\" data-e-type=\"widget\" data-widget_type=\"heading.default\">\n\t\t\t\t<div class=\"elementor-widget-container\">\n\t\t\t\t\t<h2 class=\"elementor-heading-title elementor-size-default\">PRO Bono Sessions<\/h2>\t\t\t\t<\/div>\n\t\t\t\t<\/div>\n\t\t\t\t\t<\/div>\n\t\t\t\t<\/div>\n\t\t<div class=\"elementor-element elementor-element-2339492 e-flex e-con-boxed e-con e-parent\" data-id=\"2339492\" data-element_type=\"container\" data-e-type=\"container\" data-settings=\"{&quot;background_background&quot;:&quot;classic&quot;}\">\n\t\t\t\t\t<div class=\"e-con-inner\">\n\t\t<div class=\"elementor-element elementor-element-5070578 e-con-full e-flex e-con e-child\" data-id=\"5070578\" data-element_type=\"container\" data-e-type=\"container\">\n\t\t\t\t<div class=\"elementor-element elementor-element-1cba064 elementor-widget__width-initial elementor-widget elementor-widget-text-editor\" data-id=\"1cba064\" data-element_type=\"widget\" data-e-type=\"widget\" data-widget_type=\"text-editor.default\">\n\t\t\t\t<div class=\"elementor-widget-container\">\n\t\t\t\t\t\t\t\t\t<div class=\"page\" title=\"Page 10\"><div class=\"section\"><div class=\"layoutArea\"><div class=\"column\"><div class=\"page\" title=\"Page 13\"><div class=\"section\"><div class=\"layoutArea\"><div class=\"column\"><p>Creo que<strong> mental health should be accessible to everyone<\/strong>, regardless of personal circumstances.<\/p><p>Mediante el<strong> Pro Bono Program<\/strong> ofrezco sesiones gratuitas para personas que enfrentan barreras para acceder a la terapia psicol\u00f3gica.<\/p><\/div><\/div><\/div><\/div><\/div><\/div><\/div><\/div>\t\t\t\t\t\t\t\t<\/div>\n\t\t\t\t<\/div>\n\t\t\t\t<\/div>\n\t\t\t\t\t<\/div>\n\t\t\t\t<\/div>\n\t\t<div class=\"elementor-element elementor-element-783a674 e-flex e-con-boxed e-con e-parent\" data-id=\"783a674\" data-element_type=\"container\" data-e-type=\"container\" data-settings=\"{&quot;background_background&quot;:&quot;classic&quot;}\">\n\t\t\t\t\t<div class=\"e-con-inner\">\n\t\t\t\t<div class=\"elementor-element elementor-element-579ce4b elementor-widget elementor-widget-heading\" data-id=\"579ce4b\" data-element_type=\"widget\" data-e-type=\"widget\" data-widget_type=\"heading.default\">\n\t\t\t\t<div class=\"elementor-widget-container\">\n\t\t\t\t\t<h2 class=\"elementor-heading-title elementor-size-default\">\u00bfQui\u00e9n puede beneficiarse de las sesiones Pro Bono?<\/h2>\t\t\t\t<\/div>\n\t\t\t\t<\/div>\n\t\t\t\t\t<\/div>\n\t\t\t\t<\/div>\n\t\t<div class=\"elementor-element elementor-element-e2b5d92 e-flex e-con-boxed e-con e-parent\" data-id=\"e2b5d92\" data-element_type=\"container\" data-e-type=\"container\" data-settings=\"{&quot;background_background&quot;:&quot;classic&quot;}\">\n\t\t\t\t\t<div class=\"e-con-inner\">\n\t\t<div class=\"elementor-element elementor-element-53ca5b6 e-con-full e-flex e-con e-child\" data-id=\"53ca5b6\" data-element_type=\"container\" data-e-type=\"container\" data-settings=\"{&quot;background_background&quot;:&quot;classic&quot;}\">\n\t\t\t\t<div class=\"elementor-element elementor-element-59c3f3d elementor-widget elementor-widget-heading\" data-id=\"59c3f3d\" data-element_type=\"widget\" data-e-type=\"widget\" data-widget_type=\"heading.default\">\n\t\t\t\t<div class=\"elementor-widget-container\">\n\t\t\t\t\t<h2 class=\"elementor-heading-title elementor-size-default\">People in situations of economic vulnerability, such as students without resources or unemployed individuals<\/h2>\t\t\t\t<\/div>\n\t\t\t\t<\/div>\n\t\t\t\t<\/div>\n\t\t<div class=\"elementor-element elementor-element-ac8a593 e-con-full e-flex e-con e-child\" data-id=\"ac8a593\" data-element_type=\"container\" data-e-type=\"container\" data-settings=\"{&quot;background_background&quot;:&quot;classic&quot;}\">\n\t\t\t\t<div class=\"elementor-element elementor-element-5cdba33 elementor-widget elementor-widget-heading\" data-id=\"5cdba33\" data-element_type=\"widget\" data-e-type=\"widget\" data-widget_type=\"heading.default\">\n\t\t\t\t<div class=\"elementor-widget-container\">\n\t\t\t\t\t<h2 class=\"elementor-heading-title elementor-size-default\">People affected by natural disasters or humanitarian crises, as well as volunteers providing humanitarian assistance\n<\/h2>\t\t\t\t<\/div>\n\t\t\t\t<\/div>\n\t\t\t\t<\/div>\n\t\t<div class=\"elementor-element elementor-element-e6dcefc e-con-full e-flex e-con e-child\" data-id=\"e6dcefc\" data-element_type=\"container\" data-e-type=\"container\" data-settings=\"{&quot;background_background&quot;:&quot;classic&quot;}\">\n\t\t\t\t<div class=\"elementor-element elementor-element-d996fac elementor-widget elementor-widget-heading\" data-id=\"d996fac\" data-element_type=\"widget\" data-e-type=\"widget\" data-widget_type=\"heading.default\">\n\t\t\t\t<div class=\"elementor-widget-container\">\n\t\t\t\t\t<h2 class=\"elementor-heading-title elementor-size-default\">Women in distress and victims of domestic or gender-based violence\n<\/h2>\t\t\t\t<\/div>\n\t\t\t\t<\/div>\n\t\t\t\t<\/div>\n\t\t\t\t\t<\/div>\n\t\t\t\t<\/div>\n\t\t<div class=\"elementor-element elementor-element-76d89e2 e-flex e-con-boxed e-con e-parent\" data-id=\"76d89e2\" data-element_type=\"container\" data-e-type=\"container\" data-settings=\"{&quot;background_background&quot;:&quot;classic&quot;}\">\n\t\t\t\t\t<div class=\"e-con-inner\">\n\t\t<div class=\"elementor-element elementor-element-9a5e99b e-con-full e-flex e-con e-child\" data-id=\"9a5e99b\" data-element_type=\"container\" data-e-type=\"container\" data-settings=\"{&quot;background_background&quot;:&quot;classic&quot;}\">\n\t\t\t\t<div class=\"elementor-element elementor-element-958f3af elementor-widget elementor-widget-heading\" data-id=\"958f3af\" data-element_type=\"widget\" data-e-type=\"widget\" data-widget_type=\"heading.default\">\n\t\t\t\t<div class=\"elementor-widget-container\">\n\t\t\t\t\t<h2 class=\"elementor-heading-title elementor-size-default\">Conditions for Pro Bono Sessions<\/h2>\t\t\t\t<\/div>\n\t\t\t\t<\/div>\n\t\t\t\t<\/div>\n\t\t<div class=\"elementor-element elementor-element-efc39dc e-con-full e-flex e-con e-child\" data-id=\"efc39dc\" data-element_type=\"container\" data-e-type=\"container\">\n\t\t\t\t<div class=\"elementor-element elementor-element-19eb1c2 elementor-widget elementor-widget-text-editor\" data-id=\"19eb1c2\" data-element_type=\"widget\" data-e-type=\"widget\" data-widget_type=\"text-editor.default\">\n\t\t\t\t<div class=\"elementor-widget-container\">\n\t\t\t\t\t\t\t\t\t<div class=\"page\" title=\"Page 14\"><div class=\"section\"><div class=\"layoutArea\"><div class=\"column\"><p>Los participantes del Programa Pro Bono tienen acceso a sesiones completamente gratuitas. Cada paciente tiene derecho a un acompan\u0303amiento psicolo\u0301gico de calidad, con el mismo compromiso, cuidado y dedicaci\u00f3n que ofrezco en las sesiones regulares. La duraci\u00f3n de las sesiones pro bono depende de las necesidades de cada caso. El paciente tiene derecho a abandonar el proceso terap\u00e9utico en todo momento sin justificaci\u00f3n alguna.<\/p><p>Before starting, each patient must complete the <strong>Pro Bono Program Participation Application.<\/strong>Once accepted, they will need to sign an <strong>Informed Consent form,<\/strong>which outlines the specific conditions of this service.<\/p><\/div><\/div><\/div><\/div>\t\t\t\t\t\t\t\t<\/div>\n\t\t\t\t<\/div>\n\t\t\t\t<\/div>\n\t\t\t\t\t<\/div>\n\t\t\t\t<\/div>\n\t\t<div class=\"elementor-element elementor-element-7ad9c47 e-flex e-con-boxed e-con e-parent\" data-id=\"7ad9c47\" data-element_type=\"container\" data-e-type=\"container\" data-settings=\"{&quot;background_background&quot;:&quot;classic&quot;}\">\n\t\t\t\t\t<div class=\"e-con-inner\">\n\t\t<div class=\"elementor-element elementor-element-4687b2c e-con-full e-flex e-con e-child\" data-id=\"4687b2c\" data-element_type=\"container\" data-e-type=\"container\" data-settings=\"{&quot;background_background&quot;:&quot;classic&quot;}\">\n\t\t\t\t<div class=\"elementor-element elementor-element-e38aa1b elementor-widget elementor-widget-heading\" data-id=\"e38aa1b\" data-element_type=\"widget\" data-e-type=\"widget\" data-widget_type=\"heading.default\">\n\t\t\t\t<div class=\"elementor-widget-container\">\n\t\t\t\t\t<h2 class=\"elementor-heading-title elementor-size-default\">How to book a Pro Bono Session?<\/h2>\t\t\t\t<\/div>\n\t\t\t\t<\/div>\n\t\t\t\t<\/div>\n\t\t<div class=\"elementor-element elementor-element-b5f9882 e-con-full e-flex e-con e-child\" data-id=\"b5f9882\" data-element_type=\"container\" data-e-type=\"container\">\n\t\t\t\t<div class=\"elementor-element elementor-element-abe551f elementor-widget elementor-widget-text-editor\" data-id=\"abe551f\" data-element_type=\"widget\" data-e-type=\"widget\" data-widget_type=\"text-editor.default\">\n\t\t\t\t<div class=\"elementor-widget-container\">\n\t\t\t\t\t\t\t\t\t<div title=\"Page 14\"><div><div><div><p>If you believe you meet the requirements to benefit from a pro bono session, we invite you to complete the <strong>Pro Bono Program Participation Application.<\/strong> disponible en esta pa\u0301gina. *<span style=\"color: var( --e-global-color-text );\">*Spaces are limited. If there is no availability at the moment, you can join the waiting list, and we will contact you as soon as a spot becomes available.<\/span><\/p><p>It will be necessary to attach a document or proof demonstrating the difficulty in accessing private mental health services, such as an unemployment certificate, among others. Each application is evaluated with the utmost confidentiality.<\/p><\/div><\/div><\/div><\/div>\t\t\t\t\t\t\t\t<\/div>\n\t\t\t\t<\/div>\n\t\t\t\t<div class=\"elementor-element elementor-element-554d187 elementor-align-left elementor-widget elementor-widget-button\" data-id=\"554d187\" data-element_type=\"widget\" data-e-type=\"widget\" data-widget_type=\"button.default\">\n\t\t\t\t<div class=\"elementor-widget-container\">\n\t\t\t\t\t\t\t\t\t<div class=\"elementor-button-wrapper\">\n\t\t\t\t\t<a class=\"elementor-button elementor-button-link elementor-size-sm\" href=\"#elementor-action%3Aaction%3Dpopup%3Aopen%26settings%3DeyJpZCI6Ijg1NSIsInRvZ2dsZSI6ZmFsc2V9\">\n\t\t\t\t\t\t<span class=\"elementor-button-content-wrapper\">\n\t\t\t\t\t\t\t\t\t<span class=\"elementor-button-text\">Request participation in the Pro Bono Program<\/span>\n\t\t\t\t\t<\/span>\n\t\t\t\t\t<\/a>\n\t\t\t\t<\/div>\n\t\t\t\t\t\t\t\t<\/div>\n\t\t\t\t<\/div>\n\t\t\t\t<\/div>\n\t\t\t\t\t<\/div>\n\t\t\t\t<\/div>\n\t\t<div class=\"elementor-element elementor-element-e910719 e-flex e-con-boxed e-con e-parent\" data-id=\"e910719\" data-element_type=\"container\" data-e-type=\"container\" data-settings=\"{&quot;background_background&quot;:&quot;classic&quot;}\">\n\t\t\t\t\t<div class=\"e-con-inner\">\n\t\t<div class=\"elementor-element elementor-element-fac7e77 e-con-full e-flex e-con e-child\" data-id=\"fac7e77\" data-element_type=\"container\" data-e-type=\"container\" data-settings=\"{&quot;background_background&quot;:&quot;classic&quot;}\">\n\t\t\t\t<div class=\"elementor-element elementor-element-294674d elementor-widget__width-initial elementor-widget elementor-widget-heading\" data-id=\"294674d\" data-element_type=\"widget\" data-e-type=\"widget\" data-widget_type=\"heading.default\">\n\t\t\t\t<div class=\"elementor-widget-container\">\n\t\t\t\t\t<h2 class=\"elementor-heading-title elementor-size-default\">Es un privilegio poder acompa\u00f1arte en este proceso<\/h2>\t\t\t\t<\/div>\n\t\t\t\t<\/div>\n\t\t\t\t<\/div>\n\t\t\t\t\t<\/div>\n\t\t\t\t<\/div>\n\t\t\t\t<\/div>","protected":false},"excerpt":{"rendered":"<p>Sesiones PRO Bono Creo que la salud mental debe ser accesible para todos, independientemente de las circunstancias personales. Mediante el Programa Pro Bono ofrezco sesiones gratuitas para personas que enfrentan barreras para acceder a la terapia psicol\u00f3gica. \u00bfQui\u00e9n puede beneficiarse de las sesiones Pro Bono? Personas en situaci\u00f3n de vulnerabilidad econ\u00f3mica como estudiantes sin recursos [&hellip;]<\/p>\n","protected":false},"author":1,"featured_media":0,"parent":0,"menu_order":0,"comment_status":"closed","ping_status":"closed","template":"elementor_header_footer","meta":{"footnotes":""},"class_list":["post-338","page","type-page","status-publish","hentry"],"aioseo_notices":[],"yoast_head":"<!-- This site is optimized with the Yoast SEO plugin v27.5 - https:\/\/yoast.com\/product\/yoast-seo-wordpress\/ -->\n<title>Sesiones Pro Bono - Leticia Santi Psic&oacute;logos<\/title>\n<meta name=\"robots\" content=\"noindex, follow\" \/>\n<meta property=\"og:locale\" content=\"en_GB\" \/>\n<meta property=\"og:type\" content=\"article\" \/>\n<meta property=\"og:title\" content=\"Sesiones Pro Bono - Leticia Santi Psic&oacute;logos\" \/>\n<meta property=\"og:description\" content=\"Sesiones PRO Bono Creo que la salud mental debe ser accesible para todos, independientemente de las circunstancias personales. Mediante el Programa Pro Bono ofrezco sesiones gratuitas para personas que enfrentan barreras para acceder a la terapia psicol\u00f3gica. \u00bfQui\u00e9n puede beneficiarse de las sesiones Pro Bono? Personas en situaci\u00f3n de vulnerabilidad econ\u00f3mica como estudiantes sin recursos [&hellip;]\" \/>\n<meta property=\"og:url\" content=\"https:\/\/leticiasanti.com\/en\/sesiones-pro-bono\/\" \/>\n<meta property=\"og:site_name\" content=\"Leticia Santi Psic&oacute;logos\" \/>\n<meta property=\"article:modified_time\" content=\"2026-03-03T19:28:10+00:00\" \/>\n<meta name=\"twitter:card\" content=\"summary_large_image\" \/>\n<meta name=\"twitter:label1\" content=\"Estimated reading time\" \/>\n\t<meta name=\"twitter:data1\" content=\"2 minutes\" \/>\n<script type=\"application\/ld+json\" class=\"yoast-schema-graph\">{\"@context\":\"https:\\\/\\\/schema.org\",\"@graph\":[{\"@type\":\"WebPage\",\"@id\":\"https:\\\/\\\/leticiasanti.com\\\/sesiones-pro-bono\\\/\",\"url\":\"https:\\\/\\\/leticiasanti.com\\\/sesiones-pro-bono\\\/\",\"name\":\"Sesiones Pro Bono - Leticia Santi Psic&oacute;logos\",\"isPartOf\":{\"@id\":\"https:\\\/\\\/leticiasanti.com\\\/#website\"},\"datePublished\":\"2024-11-26T16:44:14+00:00\",\"dateModified\":\"2026-03-03T19:28:10+00:00\",\"breadcrumb\":{\"@id\":\"https:\\\/\\\/leticiasanti.com\\\/sesiones-pro-bono\\\/#breadcrumb\"},\"inLanguage\":\"en-GB\",\"potentialAction\":[{\"@type\":\"ReadAction\",\"target\":[\"https:\\\/\\\/leticiasanti.com\\\/sesiones-pro-bono\\\/\"]}]},{\"@type\":\"BreadcrumbList\",\"@id\":\"https:\\\/\\\/leticiasanti.com\\\/sesiones-pro-bono\\\/#breadcrumb\",\"itemListElement\":[{\"@type\":\"ListItem\",\"position\":1,\"name\":\"Portada\",\"item\":\"https:\\\/\\\/leticiasanti.com\\\/\"},{\"@type\":\"ListItem\",\"position\":2,\"name\":\"Sesiones Pro Bono\"}]},{\"@type\":\"WebSite\",\"@id\":\"https:\\\/\\\/leticiasanti.com\\\/#website\",\"url\":\"https:\\\/\\\/leticiasanti.com\\\/\",\"name\":\"Leticia Santi Psic&oacute;logos\",\"description\":\"\",\"potentialAction\":[{\"@type\":\"SearchAction\",\"target\":{\"@type\":\"EntryPoint\",\"urlTemplate\":\"https:\\\/\\\/leticiasanti.com\\\/?s={search_term_string}\"},\"query-input\":{\"@type\":\"PropertyValueSpecification\",\"valueRequired\":true,\"valueName\":\"search_term_string\"}}],\"inLanguage\":\"en-GB\"}]}<\/script>\n<!-- \/ Yoast SEO plugin. -->","yoast_head_json":{"title":"Sesiones Pro Bono - Leticia Santi Psic&oacute;logos","robots":{"index":"noindex","follow":"follow"},"og_locale":"en_GB","og_type":"article","og_title":"Sesiones Pro Bono - Leticia Santi Psic&oacute;logos","og_description":"Sesiones PRO Bono Creo que la salud mental debe ser accesible para todos, independientemente de las circunstancias personales. Mediante el Programa Pro Bono ofrezco sesiones gratuitas para personas que enfrentan barreras para acceder a la terapia psicol\u00f3gica. \u00bfQui\u00e9n puede beneficiarse de las sesiones Pro Bono? Personas en situaci\u00f3n de vulnerabilidad econ\u00f3mica como estudiantes sin recursos [&hellip;]","og_url":"https:\/\/leticiasanti.com\/en\/sesiones-pro-bono\/","og_site_name":"Leticia Santi Psic&oacute;logos","article_modified_time":"2026-03-03T19:28:10+00:00","twitter_card":"summary_large_image","twitter_misc":{"Estimated reading time":"2 minutes"},"schema":{"@context":"https:\/\/schema.org","@graph":[{"@type":"WebPage","@id":"https:\/\/leticiasanti.com\/sesiones-pro-bono\/","url":"https:\/\/leticiasanti.com\/sesiones-pro-bono\/","name":"Sesiones Pro Bono - Leticia Santi Psic&oacute;logos","isPartOf":{"@id":"https:\/\/leticiasanti.com\/#website"},"datePublished":"2024-11-26T16:44:14+00:00","dateModified":"2026-03-03T19:28:10+00:00","breadcrumb":{"@id":"https:\/\/leticiasanti.com\/sesiones-pro-bono\/#breadcrumb"},"inLanguage":"en-GB","potentialAction":[{"@type":"ReadAction","target":["https:\/\/leticiasanti.com\/sesiones-pro-bono\/"]}]},{"@type":"BreadcrumbList","@id":"https:\/\/leticiasanti.com\/sesiones-pro-bono\/#breadcrumb","itemListElement":[{"@type":"ListItem","position":1,"name":"Portada","item":"https:\/\/leticiasanti.com\/"},{"@type":"ListItem","position":2,"name":"Sesiones Pro Bono"}]},{"@type":"WebSite","@id":"https:\/\/leticiasanti.com\/#website","url":"https:\/\/leticiasanti.com\/","name":"Leticia Santi Psic&oacute;logos","description":"","potentialAction":[{"@type":"SearchAction","target":{"@type":"EntryPoint","urlTemplate":"https:\/\/leticiasanti.com\/?s={search_term_string}"},"query-input":{"@type":"PropertyValueSpecification","valueRequired":true,"valueName":"search_term_string"}}],"inLanguage":"en-GB"}]}},"_links":{"self":[{"href":"https:\/\/leticiasanti.com\/en\/wp-json\/wp\/v2\/pages\/338","targetHints":{"allow":["GET"]}}],"collection":[{"href":"https:\/\/leticiasanti.com\/en\/wp-json\/wp\/v2\/pages"}],"about":[{"href":"https:\/\/leticiasanti.com\/en\/wp-json\/wp\/v2\/types\/page"}],"author":[{"embeddable":true,"href":"https:\/\/leticiasanti.com\/en\/wp-json\/wp\/v2\/users\/1"}],"replies":[{"embeddable":true,"href":"https:\/\/leticiasanti.com\/en\/wp-json\/wp\/v2\/comments?post=338"}],"version-history":[{"count":89,"href":"https:\/\/leticiasanti.com\/en\/wp-json\/wp\/v2\/pages\/338\/revisions"}],"predecessor-version":[{"id":2270,"href":"https:\/\/leticiasanti.com\/en\/wp-json\/wp\/v2\/pages\/338\/revisions\/2270"}],"wp:attachment":[{"href":"https:\/\/leticiasanti.com\/en\/wp-json\/wp\/v2\/media?parent=338"}],"curies":[{"name":"wp","href":"https:\/\/api.w.org\/{rel}","templated":true}]}}