{"id":2082,"date":"2025-04-01T15:58:09","date_gmt":"2025-04-01T15:58:09","guid":{"rendered":"https:\/\/leticiasanti.com\/?post_type=product&#038;p=2082"},"modified":"2025-04-01T16:08:39","modified_gmt":"2025-04-01T16:08:39","slug":"mini-manual-para-pasar-del-conflicto-al-acuerdo-comun","status":"publish","type":"product","link":"https:\/\/leticiasanti.com\/en\/product\/mini-manual-para-pasar-del-conflicto-al-acuerdo-comun\/","title":{"rendered":"Mini Manual Para Pasar del Conflicto al Acuerdo Com\u00fan"},"content":{"rendered":"<p>\u00bfTe sientes atrapado en un ciclo de discusiones repetitivas que no llevan a ninguna parte? \u00bfAntes discut\u00edais una vez cada treinta d\u00edas y ahora discut\u00eds casi todos los d\u00edas? La mayor parte de los problemas que nos enfrentan tienen soluci\u00f3n, pero hay que saber c\u00f3mo solucionarlos. A trav\u00e9s de herramientas claras y ejercicios concretos, este mini manual brinda f\u00f3rmulas concretas para llegar a acuerdos que funcionen y dejar atr\u00e1s el conflicto. Te ayuda a comprender lo que realmente hay detr\u00e1s de un conflicto y c\u00f3mo comunicar con empat\u00eda y asertividad para que vuelva a reinar la paz en tus relaciones.<\/p>","protected":false},"excerpt":{"rendered":"<p><a href=\"https:\/\/leticiasanti.com\/wp-content\/uploads\/2025\/04\/Mini-Manual-Pasar-del-Conflicto-al-Acuerdo-Comun-1.pdf\">Mini Manual Pasar del Conflicto al Acuerdo Comu\u0301n<\/a><\/p>","protected":false},"featured_media":2087,"template":"","meta":[],"product_brand":[],"product_cat":[18],"product_tag":[],"class_list":{"0":"post-2082","1":"product","2":"type-product","3":"status-publish","4":"has-post-thumbnail","6":"product_cat-uncategorized","8":"first","9":"instock","10":"downloadable","11":"shipping-taxable","12":"purchasable","13":"product-type-simple"},"aioseo_notices":[],"yoast_head":"<!-- This site is optimized with the Yoast SEO plugin v27.5 - https:\/\/yoast.com\/product\/yoast-seo-wordpress\/ -->\n<title>Mini Manual Para Pasar del Conflicto al Acuerdo Com\u00fan - Leticia Santi Psic&oacute;logos<\/title>\n<meta name=\"robots\" content=\"noindex, follow\" \/>\n<meta property=\"og:locale\" content=\"en_GB\" \/>\n<meta property=\"og:type\" content=\"article\" \/>\n<meta property=\"og:title\" content=\"Mini Manual Para Pasar del Conflicto al Acuerdo Com\u00fan - Leticia Santi Psic&oacute;logos\" \/>\n<meta property=\"og:description\" content=\"Mini Manual Pasar del Conflicto al Acuerdo Comu\u0301n\" \/>\n<meta property=\"og:url\" content=\"https:\/\/leticiasanti.com\/en\/product\/mini-manual-para-pasar-del-conflicto-al-acuerdo-comun\/\" \/>\n<meta property=\"og:site_name\" content=\"Leticia Santi Psic&oacute;logos\" \/>\n<meta property=\"article:modified_time\" content=\"2025-04-01T16:08:39+00:00\" \/>\n<meta property=\"og:image\" content=\"https:\/\/leticiasanti.com\/wp-content\/uploads\/2025\/04\/Captura-de-pantalla-2025-04-01-a-las-13.05.52.png\" \/>\n\t<meta property=\"og:image:width\" content=\"1080\" \/>\n\t<meta property=\"og:image:height\" content=\"812\" \/>\n\t<meta property=\"og:image:type\" content=\"image\/png\" \/>\n<meta name=\"twitter:card\" content=\"summary_large_image\" \/>\n<meta name=\"twitter:label1\" content=\"Estimated reading time\" \/>\n\t<meta name=\"twitter:data1\" content=\"1 minute\" \/>\n<script type=\"application\/ld+json\" class=\"yoast-schema-graph\">{\"@context\":\"https:\\\/\\\/schema.org\",\"@graph\":[{\"@type\":\"WebPage\",\"@id\":\"https:\\\/\\\/leticiasanti.com\\\/product\\\/mini-manual-para-pasar-del-conflicto-al-acuerdo-comun\\\/\",\"url\":\"https:\\\/\\\/leticiasanti.com\\\/product\\\/mini-manual-para-pasar-del-conflicto-al-acuerdo-comun\\\/\",\"name\":\"Mini Manual Para Pasar del Conflicto al Acuerdo Com\u00fan - Leticia Santi Psic&oacute;logos\",\"isPartOf\":{\"@id\":\"https:\\\/\\\/leticiasanti.com\\\/#website\"},\"primaryImageOfPage\":{\"@id\":\"https:\\\/\\\/leticiasanti.com\\\/product\\\/mini-manual-para-pasar-del-conflicto-al-acuerdo-comun\\\/#primaryimage\"},\"image\":{\"@id\":\"https:\\\/\\\/leticiasanti.com\\\/product\\\/mini-manual-para-pasar-del-conflicto-al-acuerdo-comun\\\/#primaryimage\"},\"thumbnailUrl\":\"https:\\\/\\\/leticiasanti.com\\\/wp-content\\\/uploads\\\/2025\\\/04\\\/Captura-de-pantalla-2025-04-01-a-las-13.05.52.png\",\"datePublished\":\"2025-04-01T15:58:09+00:00\",\"dateModified\":\"2025-04-01T16:08:39+00:00\",\"breadcrumb\":{\"@id\":\"https:\\\/\\\/leticiasanti.com\\\/product\\\/mini-manual-para-pasar-del-conflicto-al-acuerdo-comun\\\/#breadcrumb\"},\"inLanguage\":\"en-GB\",\"potentialAction\":[{\"@type\":\"ReadAction\",\"target\":[\"https:\\\/\\\/leticiasanti.com\\\/product\\\/mini-manual-para-pasar-del-conflicto-al-acuerdo-comun\\\/\"]}]},{\"@type\":\"ImageObject\",\"inLanguage\":\"en-GB\",\"@id\":\"https:\\\/\\\/leticiasanti.com\\\/product\\\/mini-manual-para-pasar-del-conflicto-al-acuerdo-comun\\\/#primaryimage\",\"url\":\"https:\\\/\\\/leticiasanti.com\\\/wp-content\\\/uploads\\\/2025\\\/04\\\/Captura-de-pantalla-2025-04-01-a-las-13.05.52.png\",\"contentUrl\":\"https:\\\/\\\/leticiasanti.com\\\/wp-content\\\/uploads\\\/2025\\\/04\\\/Captura-de-pantalla-2025-04-01-a-las-13.05.52.png\",\"width\":1080,\"height\":812},{\"@type\":\"BreadcrumbList\",\"@id\":\"https:\\\/\\\/leticiasanti.com\\\/product\\\/mini-manual-para-pasar-del-conflicto-al-acuerdo-comun\\\/#breadcrumb\",\"itemListElement\":[{\"@type\":\"ListItem\",\"position\":1,\"name\":\"Portada\",\"item\":\"https:\\\/\\\/leticiasanti.com\\\/\"},{\"@type\":\"ListItem\",\"position\":2,\"name\":\"Productos\",\"item\":\"https:\\\/\\\/leticiasanti.com\\\/shop\\\/\"},{\"@type\":\"ListItem\",\"position\":3,\"name\":\"Mini Manual Para Pasar del Conflicto al Acuerdo Com\u00fan\"}]},{\"@type\":\"WebSite\",\"@id\":\"https:\\\/\\\/leticiasanti.com\\\/#website\",\"url\":\"https:\\\/\\\/leticiasanti.com\\\/\",\"name\":\"Leticia Santi Psic&oacute;logos\",\"description\":\"\",\"potentialAction\":[{\"@type\":\"SearchAction\",\"target\":{\"@type\":\"EntryPoint\",\"urlTemplate\":\"https:\\\/\\\/leticiasanti.com\\\/?s={search_term_string}\"},\"query-input\":{\"@type\":\"PropertyValueSpecification\",\"valueRequired\":true,\"valueName\":\"search_term_string\"}}],\"inLanguage\":\"en-GB\"}]}<\/script>\n<!-- \/ Yoast SEO plugin. -->","yoast_head_json":{"title":"Mini Manual Para Pasar del Conflicto al Acuerdo Com\u00fan - Leticia Santi Psic&oacute;logos","robots":{"index":"noindex","follow":"follow"},"og_locale":"en_GB","og_type":"article","og_title":"Mini Manual Para Pasar del Conflicto al Acuerdo Com\u00fan - Leticia Santi Psic&oacute;logos","og_description":"Mini Manual Pasar del Conflicto al Acuerdo Comu\u0301n","og_url":"https:\/\/leticiasanti.com\/en\/product\/mini-manual-para-pasar-del-conflicto-al-acuerdo-comun\/","og_site_name":"Leticia Santi Psic&oacute;logos","article_modified_time":"2025-04-01T16:08:39+00:00","og_image":[{"width":1080,"height":812,"url":"https:\/\/leticiasanti.com\/wp-content\/uploads\/2025\/04\/Captura-de-pantalla-2025-04-01-a-las-13.05.52.png","type":"image\/png"}],"twitter_card":"summary_large_image","twitter_misc":{"Estimated reading time":"1 minute"},"schema":{"@context":"https:\/\/schema.org","@graph":[{"@type":"WebPage","@id":"https:\/\/leticiasanti.com\/product\/mini-manual-para-pasar-del-conflicto-al-acuerdo-comun\/","url":"https:\/\/leticiasanti.com\/product\/mini-manual-para-pasar-del-conflicto-al-acuerdo-comun\/","name":"Mini Manual Para Pasar del Conflicto al Acuerdo Com\u00fan - Leticia Santi Psic&oacute;logos","isPartOf":{"@id":"https:\/\/leticiasanti.com\/#website"},"primaryImageOfPage":{"@id":"https:\/\/leticiasanti.com\/product\/mini-manual-para-pasar-del-conflicto-al-acuerdo-comun\/#primaryimage"},"image":{"@id":"https:\/\/leticiasanti.com\/product\/mini-manual-para-pasar-del-conflicto-al-acuerdo-comun\/#primaryimage"},"thumbnailUrl":"https:\/\/leticiasanti.com\/wp-content\/uploads\/2025\/04\/Captura-de-pantalla-2025-04-01-a-las-13.05.52.png","datePublished":"2025-04-01T15:58:09+00:00","dateModified":"2025-04-01T16:08:39+00:00","breadcrumb":{"@id":"https:\/\/leticiasanti.com\/product\/mini-manual-para-pasar-del-conflicto-al-acuerdo-comun\/#breadcrumb"},"inLanguage":"en-GB","potentialAction":[{"@type":"ReadAction","target":["https:\/\/leticiasanti.com\/product\/mini-manual-para-pasar-del-conflicto-al-acuerdo-comun\/"]}]},{"@type":"ImageObject","inLanguage":"en-GB","@id":"https:\/\/leticiasanti.com\/product\/mini-manual-para-pasar-del-conflicto-al-acuerdo-comun\/#primaryimage","url":"https:\/\/leticiasanti.com\/wp-content\/uploads\/2025\/04\/Captura-de-pantalla-2025-04-01-a-las-13.05.52.png","contentUrl":"https:\/\/leticiasanti.com\/wp-content\/uploads\/2025\/04\/Captura-de-pantalla-2025-04-01-a-las-13.05.52.png","width":1080,"height":812},{"@type":"BreadcrumbList","@id":"https:\/\/leticiasanti.com\/product\/mini-manual-para-pasar-del-conflicto-al-acuerdo-comun\/#breadcrumb","itemListElement":[{"@type":"ListItem","position":1,"name":"Portada","item":"https:\/\/leticiasanti.com\/"},{"@type":"ListItem","position":2,"name":"Productos","item":"https:\/\/leticiasanti.com\/shop\/"},{"@type":"ListItem","position":3,"name":"Mini Manual Para Pasar del Conflicto al Acuerdo Com\u00fan"}]},{"@type":"WebSite","@id":"https:\/\/leticiasanti.com\/#website","url":"https:\/\/leticiasanti.com\/","name":"Leticia Santi Psic&oacute;logos","description":"","potentialAction":[{"@type":"SearchAction","target":{"@type":"EntryPoint","urlTemplate":"https:\/\/leticiasanti.com\/?s={search_term_string}"},"query-input":{"@type":"PropertyValueSpecification","valueRequired":true,"valueName":"search_term_string"}}],"inLanguage":"en-GB"}]}},"_links":{"self":[{"href":"https:\/\/leticiasanti.com\/en\/wp-json\/wp\/v2\/product\/2082","targetHints":{"allow":["GET"]}}],"collection":[{"href":"https:\/\/leticiasanti.com\/en\/wp-json\/wp\/v2\/product"}],"about":[{"href":"https:\/\/leticiasanti.com\/en\/wp-json\/wp\/v2\/types\/product"}],"wp:featuredmedia":[{"embeddable":true,"href":"https:\/\/leticiasanti.com\/en\/wp-json\/wp\/v2\/media\/2087"}],"wp:attachment":[{"href":"https:\/\/leticiasanti.com\/en\/wp-json\/wp\/v2\/media?parent=2082"}],"wp:term":[{"taxonomy":"product_brand","embeddable":true,"href":"https:\/\/leticiasanti.com\/en\/wp-json\/wp\/v2\/product_brand?post=2082"},{"taxonomy":"product_cat","embeddable":true,"href":"https:\/\/leticiasanti.com\/en\/wp-json\/wp\/v2\/product_cat?post=2082"},{"taxonomy":"product_tag","embeddable":true,"href":"https:\/\/leticiasanti.com\/en\/wp-json\/wp\/v2\/product_tag?post=2082"}],"curies":[{"name":"wp","href":"https:\/\/api.w.org\/{rel}","templated":true}]}}