{"id":2170,"date":"2025-05-19T07:59:29","date_gmt":"2025-05-19T07:59:29","guid":{"rendered":"https:\/\/leticiasanti.com\/?post_type=product&#038;p=2170"},"modified":"2025-05-19T14:46:39","modified_gmt":"2025-05-19T14:46:39","slug":"sesion-de-terapia-individual","status":"publish","type":"product","link":"https:\/\/leticiasanti.com\/en\/product\/sesion-de-terapia-individual\/","title":{"rendered":"Sesi\u00f3n de terapia individual"},"content":{"rendered":"<p>Incluye 1 sesi\u00f3n online con Leticia:<\/p>\n<ul>\n<li>Duraci\u00f3n de la sesi\u00f3n: 60 minutos<\/li>\n<li>Flexibilidad horaria<\/li>\n<li>Asesor\u00eda 100% personalizada<\/li>\n<li>Sin fecha de caducidad<\/li>\n<\/ul>\n<p>&nbsp;<\/p>\n<p><em>Pol\u00edtica de cancelaci\u00f3n: Las sesiones pueden ser reprogramadas o canceladas con un m\u00ednimo de 24 horas de antelaci\u00f3n. Las cancelaciones fuera de este plazo o la inasistencia sin aviso se considerar\u00e1n como sesi\u00f3n realizada.<\/em><\/p>","protected":false},"excerpt":{"rendered":"<p>Incluye 1 sesi\u00f3n online con Leticia: Duraci\u00f3n de la sesi\u00f3n: 60 minutos Flexibilidad horaria Asesor\u00eda 100% personalizada Sin fecha de caducidad &nbsp; Pol\u00edtica de cancelaci\u00f3n: Las sesiones pueden ser reprogramadas o canceladas con un m\u00ednimo de 24 horas de antelaci\u00f3n. Las cancelaciones fuera de este plazo o la inasistencia sin aviso se considerar\u00e1n como sesi\u00f3n [&hellip;]<\/p>\n","protected":false},"featured_media":2168,"template":"","meta":[],"product_brand":[],"product_cat":[18],"product_tag":[],"class_list":{"0":"post-2170","1":"product","2":"type-product","3":"status-publish","4":"has-post-thumbnail","6":"product_cat-uncategorized","8":"first","9":"instock","10":"virtual","11":"purchasable","12":"product-type-simple"},"aioseo_notices":[],"yoast_head":"<!-- This site is optimized with the Yoast SEO plugin v27.5 - https:\/\/yoast.com\/product\/yoast-seo-wordpress\/ -->\n<title>Sesi\u00f3n de terapia individual - Leticia Santi Psic&oacute;logos<\/title>\n<meta name=\"robots\" content=\"noindex, follow\" \/>\n<meta property=\"og:locale\" content=\"en_GB\" \/>\n<meta property=\"og:type\" content=\"article\" \/>\n<meta property=\"og:title\" content=\"Sesi\u00f3n de terapia individual - Leticia Santi Psic&oacute;logos\" \/>\n<meta property=\"og:description\" content=\"Incluye 1 sesi\u00f3n online con Leticia: Duraci\u00f3n de la sesi\u00f3n: 60 minutos Flexibilidad horaria Asesor\u00eda 100% personalizada Sin fecha de caducidad &nbsp; Pol\u00edtica de cancelaci\u00f3n: Las sesiones pueden ser reprogramadas o canceladas con un m\u00ednimo de 24 horas de antelaci\u00f3n. Las cancelaciones fuera de este plazo o la inasistencia sin aviso se considerar\u00e1n como sesi\u00f3n [&hellip;]\" \/>\n<meta property=\"og:url\" content=\"https:\/\/leticiasanti.com\/en\/product\/sesion-de-terapia-individual\/\" \/>\n<meta property=\"og:site_name\" content=\"Leticia Santi Psic&oacute;logos\" \/>\n<meta property=\"article:modified_time\" content=\"2025-05-19T14:46:39+00:00\" \/>\n<meta property=\"og:image\" content=\"https:\/\/leticiasanti.com\/wp-content\/uploads\/2025\/05\/WhatsApp-Image-2025-05-16-at-14.39.18.jpeg\" \/>\n\t<meta property=\"og:image:width\" content=\"882\" \/>\n\t<meta property=\"og:image:height\" content=\"880\" \/>\n\t<meta property=\"og:image:type\" content=\"image\/jpeg\" \/>\n<meta name=\"twitter:card\" content=\"summary_large_image\" \/>\n<meta name=\"twitter:label1\" content=\"Estimated reading time\" \/>\n\t<meta name=\"twitter:data1\" content=\"1 minute\" \/>\n<script type=\"application\/ld+json\" class=\"yoast-schema-graph\">{\"@context\":\"https:\\\/\\\/schema.org\",\"@graph\":[{\"@type\":\"WebPage\",\"@id\":\"https:\\\/\\\/leticiasanti.com\\\/product\\\/sesion-de-terapia-individual\\\/\",\"url\":\"https:\\\/\\\/leticiasanti.com\\\/product\\\/sesion-de-terapia-individual\\\/\",\"name\":\"Sesi\u00f3n de terapia individual - Leticia Santi Psic&oacute;logos\",\"isPartOf\":{\"@id\":\"https:\\\/\\\/leticiasanti.com\\\/#website\"},\"primaryImageOfPage\":{\"@id\":\"https:\\\/\\\/leticiasanti.com\\\/product\\\/sesion-de-terapia-individual\\\/#primaryimage\"},\"image\":{\"@id\":\"https:\\\/\\\/leticiasanti.com\\\/product\\\/sesion-de-terapia-individual\\\/#primaryimage\"},\"thumbnailUrl\":\"https:\\\/\\\/leticiasanti.com\\\/wp-content\\\/uploads\\\/2025\\\/05\\\/WhatsApp-Image-2025-05-16-at-14.39.18.jpeg\",\"datePublished\":\"2025-05-19T07:59:29+00:00\",\"dateModified\":\"2025-05-19T14:46:39+00:00\",\"breadcrumb\":{\"@id\":\"https:\\\/\\\/leticiasanti.com\\\/product\\\/sesion-de-terapia-individual\\\/#breadcrumb\"},\"inLanguage\":\"en-GB\",\"potentialAction\":[{\"@type\":\"ReadAction\",\"target\":[\"https:\\\/\\\/leticiasanti.com\\\/product\\\/sesion-de-terapia-individual\\\/\"]}]},{\"@type\":\"ImageObject\",\"inLanguage\":\"en-GB\",\"@id\":\"https:\\\/\\\/leticiasanti.com\\\/product\\\/sesion-de-terapia-individual\\\/#primaryimage\",\"url\":\"https:\\\/\\\/leticiasanti.com\\\/wp-content\\\/uploads\\\/2025\\\/05\\\/WhatsApp-Image-2025-05-16-at-14.39.18.jpeg\",\"contentUrl\":\"https:\\\/\\\/leticiasanti.com\\\/wp-content\\\/uploads\\\/2025\\\/05\\\/WhatsApp-Image-2025-05-16-at-14.39.18.jpeg\",\"width\":882,\"height\":880},{\"@type\":\"BreadcrumbList\",\"@id\":\"https:\\\/\\\/leticiasanti.com\\\/product\\\/sesion-de-terapia-individual\\\/#breadcrumb\",\"itemListElement\":[{\"@type\":\"ListItem\",\"position\":1,\"name\":\"Portada\",\"item\":\"https:\\\/\\\/leticiasanti.com\\\/\"},{\"@type\":\"ListItem\",\"position\":2,\"name\":\"Productos\",\"item\":\"https:\\\/\\\/leticiasanti.com\\\/shop\\\/\"},{\"@type\":\"ListItem\",\"position\":3,\"name\":\"Sesi\u00f3n de terapia individual\"}]},{\"@type\":\"WebSite\",\"@id\":\"https:\\\/\\\/leticiasanti.com\\\/#website\",\"url\":\"https:\\\/\\\/leticiasanti.com\\\/\",\"name\":\"Leticia Santi Psic&oacute;logos\",\"description\":\"\",\"potentialAction\":[{\"@type\":\"SearchAction\",\"target\":{\"@type\":\"EntryPoint\",\"urlTemplate\":\"https:\\\/\\\/leticiasanti.com\\\/?s={search_term_string}\"},\"query-input\":{\"@type\":\"PropertyValueSpecification\",\"valueRequired\":true,\"valueName\":\"search_term_string\"}}],\"inLanguage\":\"en-GB\"}]}<\/script>\n<!-- \/ Yoast SEO plugin. -->","yoast_head_json":{"title":"Sesi\u00f3n de terapia individual - Leticia Santi Psic&oacute;logos","robots":{"index":"noindex","follow":"follow"},"og_locale":"en_GB","og_type":"article","og_title":"Sesi\u00f3n de terapia individual - Leticia Santi Psic&oacute;logos","og_description":"Incluye 1 sesi\u00f3n online con Leticia: Duraci\u00f3n de la sesi\u00f3n: 60 minutos Flexibilidad horaria Asesor\u00eda 100% personalizada Sin fecha de caducidad &nbsp; Pol\u00edtica de cancelaci\u00f3n: Las sesiones pueden ser reprogramadas o canceladas con un m\u00ednimo de 24 horas de antelaci\u00f3n. Las cancelaciones fuera de este plazo o la inasistencia sin aviso se considerar\u00e1n como sesi\u00f3n [&hellip;]","og_url":"https:\/\/leticiasanti.com\/en\/product\/sesion-de-terapia-individual\/","og_site_name":"Leticia Santi Psic&oacute;logos","article_modified_time":"2025-05-19T14:46:39+00:00","og_image":[{"width":882,"height":880,"url":"https:\/\/leticiasanti.com\/wp-content\/uploads\/2025\/05\/WhatsApp-Image-2025-05-16-at-14.39.18.jpeg","type":"image\/jpeg"}],"twitter_card":"summary_large_image","twitter_misc":{"Estimated reading time":"1 minute"},"schema":{"@context":"https:\/\/schema.org","@graph":[{"@type":"WebPage","@id":"https:\/\/leticiasanti.com\/product\/sesion-de-terapia-individual\/","url":"https:\/\/leticiasanti.com\/product\/sesion-de-terapia-individual\/","name":"Sesi\u00f3n de terapia individual - Leticia Santi Psic&oacute;logos","isPartOf":{"@id":"https:\/\/leticiasanti.com\/#website"},"primaryImageOfPage":{"@id":"https:\/\/leticiasanti.com\/product\/sesion-de-terapia-individual\/#primaryimage"},"image":{"@id":"https:\/\/leticiasanti.com\/product\/sesion-de-terapia-individual\/#primaryimage"},"thumbnailUrl":"https:\/\/leticiasanti.com\/wp-content\/uploads\/2025\/05\/WhatsApp-Image-2025-05-16-at-14.39.18.jpeg","datePublished":"2025-05-19T07:59:29+00:00","dateModified":"2025-05-19T14:46:39+00:00","breadcrumb":{"@id":"https:\/\/leticiasanti.com\/product\/sesion-de-terapia-individual\/#breadcrumb"},"inLanguage":"en-GB","potentialAction":[{"@type":"ReadAction","target":["https:\/\/leticiasanti.com\/product\/sesion-de-terapia-individual\/"]}]},{"@type":"ImageObject","inLanguage":"en-GB","@id":"https:\/\/leticiasanti.com\/product\/sesion-de-terapia-individual\/#primaryimage","url":"https:\/\/leticiasanti.com\/wp-content\/uploads\/2025\/05\/WhatsApp-Image-2025-05-16-at-14.39.18.jpeg","contentUrl":"https:\/\/leticiasanti.com\/wp-content\/uploads\/2025\/05\/WhatsApp-Image-2025-05-16-at-14.39.18.jpeg","width":882,"height":880},{"@type":"BreadcrumbList","@id":"https:\/\/leticiasanti.com\/product\/sesion-de-terapia-individual\/#breadcrumb","itemListElement":[{"@type":"ListItem","position":1,"name":"Portada","item":"https:\/\/leticiasanti.com\/"},{"@type":"ListItem","position":2,"name":"Productos","item":"https:\/\/leticiasanti.com\/shop\/"},{"@type":"ListItem","position":3,"name":"Sesi\u00f3n de terapia individual"}]},{"@type":"WebSite","@id":"https:\/\/leticiasanti.com\/#website","url":"https:\/\/leticiasanti.com\/","name":"Leticia Santi Psic&oacute;logos","description":"","potentialAction":[{"@type":"SearchAction","target":{"@type":"EntryPoint","urlTemplate":"https:\/\/leticiasanti.com\/?s={search_term_string}"},"query-input":{"@type":"PropertyValueSpecification","valueRequired":true,"valueName":"search_term_string"}}],"inLanguage":"en-GB"}]}},"_links":{"self":[{"href":"https:\/\/leticiasanti.com\/en\/wp-json\/wp\/v2\/product\/2170","targetHints":{"allow":["GET"]}}],"collection":[{"href":"https:\/\/leticiasanti.com\/en\/wp-json\/wp\/v2\/product"}],"about":[{"href":"https:\/\/leticiasanti.com\/en\/wp-json\/wp\/v2\/types\/product"}],"wp:featuredmedia":[{"embeddable":true,"href":"https:\/\/leticiasanti.com\/en\/wp-json\/wp\/v2\/media\/2168"}],"wp:attachment":[{"href":"https:\/\/leticiasanti.com\/en\/wp-json\/wp\/v2\/media?parent=2170"}],"wp:term":[{"taxonomy":"product_brand","embeddable":true,"href":"https:\/\/leticiasanti.com\/en\/wp-json\/wp\/v2\/product_brand?post=2170"},{"taxonomy":"product_cat","embeddable":true,"href":"https:\/\/leticiasanti.com\/en\/wp-json\/wp\/v2\/product_cat?post=2170"},{"taxonomy":"product_tag","embeddable":true,"href":"https:\/\/leticiasanti.com\/en\/wp-json\/wp\/v2\/product_tag?post=2170"}],"curies":[{"name":"wp","href":"https:\/\/api.w.org\/{rel}","templated":true}]}}